{"id":1209,"date":"2016-01-07T17:53:08","date_gmt":"2016-01-07T16:53:08","guid":{"rendered":"http:\/\/bcpst-svt-parc.fr\/wordpress\/?page_id=1209"},"modified":"2025-11-13T11:37:49","modified_gmt":"2025-11-13T10:37:49","slug":"exercices-dentrainement-a-lexploitation-de-cartes-geologiques","status":"publish","type":"page","link":"http:\/\/bcpst-svt-parc.fr\/wordpress\/?page_id=1209","title":{"rendered":"z &#8211; Exercices d&rsquo;entra\u00eenement \u00e0 l&rsquo;exploitation de cartes g\u00e9ologiques"},"content":{"rendered":"\n<p><span style=\"text-decoration: underline;\"><strong>Exercice 1.<\/strong><\/span><strong> Etude de la carte de Lavelanet.<\/strong><\/p>\n\n\n<div class=\"wp-block-image\">\n<figure class=\"aligncenter\"><a href=\"http:\/\/bcpst-svt-parc.fr\/wordpress\/wp-content\/uploads\/2016\/01\/Lavelanet.jpg\"><img loading=\"lazy\" decoding=\"async\" width=\"1024\" height=\"742\" src=\"http:\/\/bcpst-svt-parc.fr\/wordpress\/wp-content\/uploads\/2016\/01\/Lavelanet-1024x742.jpg\" alt=\"Lavelanet\" class=\"wp-image-1215\" srcset=\"http:\/\/bcpst-svt-parc.fr\/wordpress\/wp-content\/uploads\/2016\/01\/Lavelanet-1024x742.jpg 1024w, http:\/\/bcpst-svt-parc.fr\/wordpress\/wp-content\/uploads\/2016\/01\/Lavelanet-300x217.jpg 300w\" sizes=\"auto, (max-width: 1024px) 100vw, 1024px\" \/><\/a><\/figure>\n<\/div>\n\n\n<p><span style=\"text-decoration: underline;\"><a href=\"http:\/\/bcpst-svt-parc.fr\/wordpress\/wp-content\/uploads\/2016\/01\/Lavelanet-1_50-000e.pdf\">Une version plus ancienne et plus simple de la m\u00eame carte<\/a><\/span><\/p>\n\n\n\n<p><a href=\"http:\/\/bcpst-svt-parc.fr\/wordpress\/wp-content\/uploads\/2016\/01\/L\u00e9gende-Lavelanet-1_50-000e.pdf\">L\u00e9gende Lavelanet 1\/50 000e<\/a><\/p>\n\n\n\n<p><span style=\"text-decoration: underline;\"><strong>Questions :<\/strong><\/span><\/p>\n\n\n\n<p>1. Nature des terrains&nbsp;: quelles sont les familles de roches repr\u00e9sent\u00e9es ici&nbsp;?<\/p>\n\n\n\n<p>2. Age des terrains&nbsp;?<\/p>\n\n\n\n<p>3. Quelles sont les principales structures cartographiques observables (argumenter votre r\u00e9ponse)&nbsp;?<\/p>\n\n\n\n<p>4. Rep\u00e9rer les directions des diff\u00e9rentes familles de failles et pour chacune d\u2019entre elle, d\u00e9terminer le pendage du plan de faille.<\/p>\n\n\n\n<p>5. Pour les failles Est-Ouest au Sud de la carte, en d\u00e9duire si elles sont normales ou inverses.<\/p>\n\n\n\n<p><strong><span style=\"text-decoration: underline;\">Exercice 2<\/span>. Entra\u00eenement \u00e0 la r\u00e9alisation d&rsquo;un sch\u00e9ma structural.<\/strong><\/p>\n\n\n\n<p>En vous aidant de la <a href=\"http:\/\/bcpst-svt-parc.fr\/wordpress\/wp-content\/uploads\/2012\/10\/Fiche_m%C3%A9thode_sch%C3%A9ma_structural.pdf\" target=\"_blank\" rel=\"noopener noreferrer\">fiche m\u00e9thodologique distribu\u00e9e<\/a>, r\u00e9aliser un sch\u00e9ma structural de la r\u00e9gion Massif Armoricain \u2013 Bassin parisien \u00e0 partir de l\u2019extrait de la carte de France au 1 \/ 1&nbsp;000&nbsp;000<sup>e<\/sup> fourni ci-dessous.<\/p>\n\n\n<div class=\"wp-block-image\">\n<figure class=\"aligncenter\"><a href=\"http:\/\/bcpst-svt-parc.fr\/wordpress\/wp-content\/uploads\/2014\/03\/Carte-extrait-Massif-Armoricain-Bassin-Parisien-France.jpg\"><img loading=\"lazy\" decoding=\"async\" width=\"742\" height=\"1024\" src=\"http:\/\/bcpst-svt-parc.fr\/wordpress\/wp-content\/uploads\/2014\/03\/Carte-extrait-Massif-Armoricain-Bassin-Parisien-France-742x1024.jpg\" alt=\"Carte extrait Massif Armoricain -Bassin Parisien France\" class=\"wp-image-1207\" srcset=\"http:\/\/bcpst-svt-parc.fr\/wordpress\/wp-content\/uploads\/2014\/03\/Carte-extrait-Massif-Armoricain-Bassin-Parisien-France-742x1024.jpg 742w, http:\/\/bcpst-svt-parc.fr\/wordpress\/wp-content\/uploads\/2014\/03\/Carte-extrait-Massif-Armoricain-Bassin-Parisien-France-217x300.jpg 217w, http:\/\/bcpst-svt-parc.fr\/wordpress\/wp-content\/uploads\/2014\/03\/Carte-extrait-Massif-Armoricain-Bassin-Parisien-France.jpg 1272w\" sizes=\"auto, (max-width: 742px) 100vw, 742px\" \/><\/a><\/figure>\n<\/div>\n\n\n<p>Extrait de la carte de France au 1\/1 000 000e : Massif armoricain &#8211; Bassin parisien<a href=\"http:\/\/bcpst-svt-parc.fr\/wordpress\/wp-content\/uploads\/2016\/01\/L\u00e9gendes-de-la-carte-g\u00e9ologique-de-la-France-au-1.pdf\">L\u00e9gendes de la carte g\u00e9ologique de la France au 1\/1 000 000e<\/a><\/p>\n\n\n\n<p><strong>Exercice 3. Entra\u00eenement \u00e0 la r\u00e9alisation de coupes g\u00e9ologiques \u00e0 main lev\u00e9e<\/strong><\/p>\n\n\n\n<p>R\u00e9aliser une coupe le long du trait AB sur la carte suivante, en utilisant le profil topographique fourni ensuite.<\/p>\n\n\n\n<figure class=\"wp-block-image size-large\"><a href=\"http:\/\/bcpst-svt-parc.fr\/wordpress\/wp-content\/uploads\/2019\/12\/carte-Neufch\u00e2teau.jpg\"><img loading=\"lazy\" decoding=\"async\" width=\"742\" height=\"1024\" src=\"http:\/\/bcpst-svt-parc.fr\/wordpress\/wp-content\/uploads\/2019\/12\/carte-Neufch\u00e2teau-742x1024.jpg\" alt=\"\" class=\"wp-image-3068\" srcset=\"http:\/\/bcpst-svt-parc.fr\/wordpress\/wp-content\/uploads\/2019\/12\/carte-Neufch\u00e2teau-742x1024.jpg 742w, http:\/\/bcpst-svt-parc.fr\/wordpress\/wp-content\/uploads\/2019\/12\/carte-Neufch\u00e2teau-217x300.jpg 217w, http:\/\/bcpst-svt-parc.fr\/wordpress\/wp-content\/uploads\/2019\/12\/carte-Neufch\u00e2teau-768x1060.jpg 768w, http:\/\/bcpst-svt-parc.fr\/wordpress\/wp-content\/uploads\/2019\/12\/carte-Neufch\u00e2teau.jpg 1700w\" sizes=\"auto, (max-width: 742px) 100vw, 742px\" \/><\/a><\/figure>\n\n\n<div class=\"wp-block-image\">\n<figure class=\"alignleft\"><a href=\"http:\/\/bcpst-svt-parc.fr\/wordpress\/wp-content\/uploads\/2019\/12\/Profil-topo-Neufch\u00e2teau.jpg\"><img loading=\"lazy\" decoding=\"async\" width=\"1024\" height=\"273\" src=\"http:\/\/bcpst-svt-parc.fr\/wordpress\/wp-content\/uploads\/2019\/12\/Profil-topo-Neufch\u00e2teau-1024x273.jpg\" alt=\"\" class=\"wp-image-3071\" srcset=\"http:\/\/bcpst-svt-parc.fr\/wordpress\/wp-content\/uploads\/2019\/12\/Profil-topo-Neufch\u00e2teau-1024x273.jpg 1024w, http:\/\/bcpst-svt-parc.fr\/wordpress\/wp-content\/uploads\/2019\/12\/Profil-topo-Neufch\u00e2teau-300x80.jpg 300w, http:\/\/bcpst-svt-parc.fr\/wordpress\/wp-content\/uploads\/2019\/12\/Profil-topo-Neufch\u00e2teau-768x205.jpg 768w, http:\/\/bcpst-svt-parc.fr\/wordpress\/wp-content\/uploads\/2019\/12\/Profil-topo-Neufch\u00e2teau.jpg 1514w\" sizes=\"auto, (max-width: 1024px) 100vw, 1024px\" \/><\/a><\/figure>\n<\/div>\n\n\n<p><\/p>\n\n\n\n<p>R\u00e9aliser une coupe le long du trait AB sur la carte suivante, en utilisant le profil topographique fourni ensuite.<\/p>\n\n\n\n<figure class=\"wp-block-image\"><a href=\"http:\/\/bcpst-svt-parc.fr\/wordpress\/wp-content\/uploads\/2018\/12\/Le-Ch\u00e2tenois.jpg\"><img loading=\"lazy\" decoding=\"async\" width=\"768\" height=\"1024\" src=\"http:\/\/bcpst-svt-parc.fr\/wordpress\/wp-content\/uploads\/2018\/12\/Le-Ch\u00e2tenois-768x1024.jpg\" alt=\"\" class=\"wp-image-2716\" srcset=\"http:\/\/bcpst-svt-parc.fr\/wordpress\/wp-content\/uploads\/2018\/12\/Le-Ch\u00e2tenois-768x1024.jpg 768w, http:\/\/bcpst-svt-parc.fr\/wordpress\/wp-content\/uploads\/2018\/12\/Le-Ch\u00e2tenois-225x300.jpg 225w, http:\/\/bcpst-svt-parc.fr\/wordpress\/wp-content\/uploads\/2018\/12\/Le-Ch\u00e2tenois.jpg 838w\" sizes=\"auto, (max-width: 768px) 100vw, 768px\" \/><\/a><\/figure>\n\n\n\n<p><\/p>\n\n\n\n<figure class=\"wp-block-image\"><a href=\"http:\/\/bcpst-svt-parc.fr\/wordpress\/wp-content\/uploads\/2018\/12\/Profil-topo-Le-Ch\u00e2tenois.jpg\"><img loading=\"lazy\" decoding=\"async\" width=\"525\" height=\"161\" src=\"http:\/\/bcpst-svt-parc.fr\/wordpress\/wp-content\/uploads\/2018\/12\/Profil-topo-Le-Ch\u00e2tenois.jpg\" alt=\"\" class=\"wp-image-2718\" srcset=\"http:\/\/bcpst-svt-parc.fr\/wordpress\/wp-content\/uploads\/2018\/12\/Profil-topo-Le-Ch\u00e2tenois.jpg 525w, http:\/\/bcpst-svt-parc.fr\/wordpress\/wp-content\/uploads\/2018\/12\/Profil-topo-Le-Ch\u00e2tenois-300x92.jpg 300w\" sizes=\"auto, (max-width: 525px) 100vw, 525px\" \/><\/a><\/figure>\n\n\n\n<p><\/p>\n","protected":false},"excerpt":{"rendered":"<p>Exercice 1. Etude de la carte de Lavelanet. Une version plus ancienne et plus simple de la m\u00eame carte L\u00e9gende Lavelanet 1\/50 000e Questions : 1. Nature des terrains&nbsp;: quelles sont les familles de roches repr\u00e9sent\u00e9es ici&nbsp;? 2. Age des &hellip; <a href=\"http:\/\/bcpst-svt-parc.fr\/wordpress\/?page_id=1209\">Continuer la lecture <span class=\"meta-nav\">&rarr;<\/span><\/a><\/p>\n","protected":false},"author":2,"featured_media":0,"parent":756,"menu_order":0,"comment_status":"closed","ping_status":"closed","template":"","meta":{"footnotes":""},"class_list":["post-1209","page","type-page","status-publish","hentry"],"_links":{"self":[{"href":"http:\/\/bcpst-svt-parc.fr\/wordpress\/index.php?rest_route=\/wp\/v2\/pages\/1209","targetHints":{"allow":["GET"]}}],"collection":[{"href":"http:\/\/bcpst-svt-parc.fr\/wordpress\/index.php?rest_route=\/wp\/v2\/pages"}],"about":[{"href":"http:\/\/bcpst-svt-parc.fr\/wordpress\/index.php?rest_route=\/wp\/v2\/types\/page"}],"author":[{"embeddable":true,"href":"http:\/\/bcpst-svt-parc.fr\/wordpress\/index.php?rest_route=\/wp\/v2\/users\/2"}],"replies":[{"embeddable":true,"href":"http:\/\/bcpst-svt-parc.fr\/wordpress\/index.php?rest_route=%2Fwp%2Fv2%2Fcomments&post=1209"}],"version-history":[{"count":17,"href":"http:\/\/bcpst-svt-parc.fr\/wordpress\/index.php?rest_route=\/wp\/v2\/pages\/1209\/revisions"}],"predecessor-version":[{"id":6649,"href":"http:\/\/bcpst-svt-parc.fr\/wordpress\/index.php?rest_route=\/wp\/v2\/pages\/1209\/revisions\/6649"}],"up":[{"embeddable":true,"href":"http:\/\/bcpst-svt-parc.fr\/wordpress\/index.php?rest_route=\/wp\/v2\/pages\/756"}],"wp:attachment":[{"href":"http:\/\/bcpst-svt-parc.fr\/wordpress\/index.php?rest_route=%2Fwp%2Fv2%2Fmedia&parent=1209"}],"curies":[{"name":"wp","href":"https:\/\/api.w.org\/{rel}","templated":true}]}}