{"id":1395,"date":"2016-07-11T16:33:07","date_gmt":"2016-07-11T15:33:07","guid":{"rendered":"http:\/\/bcpst-svt-parc.fr\/wordpress\/?page_id=1395"},"modified":"2026-04-13T10:23:35","modified_gmt":"2026-04-13T09:23:35","slug":"preparer-les-oraux-de-tipe","status":"publish","type":"page","link":"http:\/\/bcpst-svt-parc.fr\/wordpress\/?page_id=1395","title":{"rendered":"Pr\u00e9parer les oraux de TIPE"},"content":{"rendered":"\n<div class=\"wp-block-file\"><a id=\"wp-block-file--media-de21ef1a-e838-4d5e-9b33-38588e625163\" href=\"http:\/\/bcpst-svt-parc.fr\/wordpress\/wp-content\/uploads\/2026\/03\/Rapport-de-jury_TIPE-Agro-veto_session-2025.pdf\">Rapport de jury_TIPE Agro-v\u00e9to_session 2025<\/a><\/div>\n\n\n\n<p><\/p>\n\n\n\n<div class=\"wp-block-file\"><a id=\"wp-block-file--media-381319c0-6bff-42a6-9278-40c8340da7d1\" href=\"https:\/\/bcpst-svt-parc.fr\/wordpress\/wp-content\/uploads\/2026\/04\/Extraits-notice-specifique-BCPST-Agro-Veto-TIPE-et-grilles-evaluation-oral-blanc.pdf\">Extraits notice sp\u00e9cifique BCPST Agro-V\u00e9to TIPE et grilles \u00e9valuation oral blanc<\/a><\/div>\n\n\n\n<p><\/p>\n\n\n\n<div class=\"wp-block-file\"><a id=\"wp-block-file--media-c77a521d-1b10-4224-ade9-8a649b752cd1\" href=\"https:\/\/bcpst-svt-parc.fr\/wordpress\/wp-content\/uploads\/2026\/04\/Infos-et-conseils-eleves_oraux-TIPE-2026.pdf\">Infos et conseils_oraux TIPE 2026<\/a><\/div>\n\n\n\n<p><\/p>\n","protected":false},"excerpt":{"rendered":"","protected":false},"author":2,"featured_media":0,"parent":18,"menu_order":0,"comment_status":"closed","ping_status":"closed","template":"","meta":{"footnotes":""},"class_list":["post-1395","page","type-page","status-publish","hentry"],"_links":{"self":[{"href":"http:\/\/bcpst-svt-parc.fr\/wordpress\/index.php?rest_route=\/wp\/v2\/pages\/1395","targetHints":{"allow":["GET"]}}],"collection":[{"href":"http:\/\/bcpst-svt-parc.fr\/wordpress\/index.php?rest_route=\/wp\/v2\/pages"}],"about":[{"href":"http:\/\/bcpst-svt-parc.fr\/wordpress\/index.php?rest_route=\/wp\/v2\/types\/page"}],"author":[{"embeddable":true,"href":"http:\/\/bcpst-svt-parc.fr\/wordpress\/index.php?rest_route=\/wp\/v2\/users\/2"}],"replies":[{"embeddable":true,"href":"http:\/\/bcpst-svt-parc.fr\/wordpress\/index.php?rest_route=%2Fwp%2Fv2%2Fcomments&post=1395"}],"version-history":[{"count":17,"href":"http:\/\/bcpst-svt-parc.fr\/wordpress\/index.php?rest_route=\/wp\/v2\/pages\/1395\/revisions"}],"predecessor-version":[{"id":6774,"href":"http:\/\/bcpst-svt-parc.fr\/wordpress\/index.php?rest_route=\/wp\/v2\/pages\/1395\/revisions\/6774"}],"up":[{"embeddable":true,"href":"http:\/\/bcpst-svt-parc.fr\/wordpress\/index.php?rest_route=\/wp\/v2\/pages\/18"}],"wp:attachment":[{"href":"http:\/\/bcpst-svt-parc.fr\/wordpress\/index.php?rest_route=%2Fwp%2Fv2%2Fmedia&parent=1395"}],"curies":[{"name":"wp","href":"https:\/\/api.w.org\/{rel}","templated":true}]}}