{"id":1400,"date":"2016-07-11T16:35:47","date_gmt":"2016-07-11T15:35:47","guid":{"rendered":"http:\/\/bcpst-svt-parc.fr\/wordpress\/?page_id=1400"},"modified":"2026-03-29T21:31:31","modified_gmt":"2026-03-29T20:31:31","slug":"preparer-le-rapport-de-tipe","status":"publish","type":"page","link":"http:\/\/bcpst-svt-parc.fr\/wordpress\/?page_id=1400","title":{"rendered":"Pr\u00e9parer le projet puis le rapport de TIPE"},"content":{"rendered":"\n<p><a href=\"http:\/\/bcpst-svt-parc.fr\/wordpress\/wp-content\/uploads\/2021\/11\/Fiche-methode_demarche-en-TIPE.pdf\">Fiche m\u00e9thodologique_d\u00e9marche en TIPE<\/a><\/p>\n\n\n\n<p><a href=\"http:\/\/bcpst-svt-parc.fr\/wordpress\/wp-content\/uploads\/2023\/03\/Fiche-methodologique-rapport-TIPE_2023.pdf\">Fiche m\u00e9thodologique rapport TIPE_2023<\/a><\/p>\n\n\n\n<div class=\"wp-block-file\"><a id=\"wp-block-file--media-fecf8016-8eb1-42ae-a7b9-b44600c89499\" href=\"https:\/\/bcpst-svt-parc.fr\/wordpress\/wp-content\/uploads\/2026\/03\/Page-de-garde-TIPE-2026.pdf\">Page de garde TIPE 2026<\/a><\/div>\n\n\n\n<div class=\"wp-block-file\"><a id=\"wp-block-file--media-8a1ea8cb-cb4a-498f-95d4-5476b1386781\" href=\"http:\/\/bcpst-svt-parc.fr\/wordpress\/wp-content\/uploads\/2026\/03\/Rapport-de-jury_TIPE-Agro-veto_session-2025.pdf\">Rapport de jury_TIPE Agro-v\u00e9to_session 2025<\/a><\/div>\n","protected":false},"excerpt":{"rendered":"<p>Fiche m\u00e9thodologique_d\u00e9marche en TIPE Fiche m\u00e9thodologique rapport TIPE_2023<\/p>\n","protected":false},"author":2,"featured_media":0,"parent":18,"menu_order":0,"comment_status":"closed","ping_status":"closed","template":"","meta":{"footnotes":""},"class_list":["post-1400","page","type-page","status-publish","hentry"],"_links":{"self":[{"href":"http:\/\/bcpst-svt-parc.fr\/wordpress\/index.php?rest_route=\/wp\/v2\/pages\/1400","targetHints":{"allow":["GET"]}}],"collection":[{"href":"http:\/\/bcpst-svt-parc.fr\/wordpress\/index.php?rest_route=\/wp\/v2\/pages"}],"about":[{"href":"http:\/\/bcpst-svt-parc.fr\/wordpress\/index.php?rest_route=\/wp\/v2\/types\/page"}],"author":[{"embeddable":true,"href":"http:\/\/bcpst-svt-parc.fr\/wordpress\/index.php?rest_route=\/wp\/v2\/users\/2"}],"replies":[{"embeddable":true,"href":"http:\/\/bcpst-svt-parc.fr\/wordpress\/index.php?rest_route=%2Fwp%2Fv2%2Fcomments&post=1400"}],"version-history":[{"count":26,"href":"http:\/\/bcpst-svt-parc.fr\/wordpress\/index.php?rest_route=\/wp\/v2\/pages\/1400\/revisions"}],"predecessor-version":[{"id":6738,"href":"http:\/\/bcpst-svt-parc.fr\/wordpress\/index.php?rest_route=\/wp\/v2\/pages\/1400\/revisions\/6738"}],"up":[{"embeddable":true,"href":"http:\/\/bcpst-svt-parc.fr\/wordpress\/index.php?rest_route=\/wp\/v2\/pages\/18"}],"wp:attachment":[{"href":"http:\/\/bcpst-svt-parc.fr\/wordpress\/index.php?rest_route=%2Fwp%2Fv2%2Fmedia&parent=1400"}],"curies":[{"name":"wp","href":"https:\/\/api.w.org\/{rel}","templated":true}]}}