{"id":1415,"date":"2016-07-11T16:52:56","date_gmt":"2016-07-11T15:52:56","guid":{"rendered":"http:\/\/bcpst-svt-parc.fr\/wordpress\/?page_id=1415"},"modified":"2023-10-10T18:37:32","modified_gmt":"2023-10-10T17:37:32","slug":"ressources-diverses-pour-les-tipe","status":"publish","type":"page","link":"http:\/\/bcpst-svt-parc.fr\/wordpress\/?page_id=1415","title":{"rendered":"Ressources diverses pour les TIPE"},"content":{"rendered":"<h3><a href=\"http:\/\/bcpst-svt-parc.fr\/wordpress\/wp-content\/uploads\/2021\/10\/Rapport-de-jury_TIPE_concours-AgroVeto-2021.pdf\">Rapport de jury_TIPE_concours AgroV\u00e9to 2021<\/a><\/h3>\n<p><a href=\"http:\/\/bcpst-svt-parc.fr\/wordpress\/wp-content\/uploads\/2016\/07\/PLAQUETTE-SVT-02-2016_Couleurs_549993.pdf\">Risques et s\u00e9curit\u00e9 : les r\u00e8gles \u00e0 respecter en SVT (document officiel de l&rsquo;Observatoire National de la S\u00e9curit\u00e9 et de l&rsquo;Accessibilit\u00e9 des \u00e9tablissements d&rsquo;enseignement)<\/a><\/p>\n<p><span style=\"text-decoration: underline;\"><strong>Pour vos recherches bibliographiques :<\/strong> <\/span><\/p>\n<ul>\n<li>\n<h4><a href=\"https:\/\/scholar.google.fr\/\">Google Scholar<\/a><span class=\"st\"> : service de Google permettant la recherche d&rsquo;articles scientifiques<\/span><\/h4>\n<\/li>\n<li>\n<h4><a href=\"https:\/\/journals.plos.org\/plosone\/\">PLOS ONE<\/a> : un journal scientifique en ligne<\/h4>\n<\/li>\n<li>\n<h4><a href=\"https:\/\/www.theses.fr\/fr\/\">https:\/\/www.theses.fr\/fr\/:\u00a0<\/a> base de donn\u00e9es recensant l&rsquo;ensemble des th\u00e8ses de doctorat soutenues en France depuis 1985<\/h4>\n<\/li>\n<li>\n<h4><a href=\"https:\/\/www.sciencedirect.com\/\">https:\/\/www.sciencedirect.com\/<\/a> : recherche par mot cl\u00e9 d&rsquo;article scientifiques<\/h4>\n<\/li>\n<li>\n<h4><a href=\"https:\/\/planet-vie.ens.fr\/\">https:\/\/planet-vie.ens.fr\/<\/a> site de ressources en sciences de la vie<\/h4>\n<\/li>\n<li>\n<h4><a href=\"https:\/\/planet-terre.ens-lyon.fr\/planetterre\/\">https:\/\/planet-terre.ens-lyon.fr\/planetterre\/ <\/a>site de ressources en g\u00e9ologie<\/h4>\n<\/li>\n<li>\n<h4><a href=\"https:\/\/rnbio.upmc.fr\/\">https:\/\/rnbio.upmc.fr\/<\/a>site de Sorbonne-Universit\u00e9 : destin\u00e9 aux \u00e9tudiants et aux enseignants de l\u2019enseignement sup\u00e9rieur, il pr\u00e9sente des documents de cours, des sujets ponctuels ou transversaux, des mises au point, qui couvrent plusieurs domaines de la biologie.<\/h4>\n<\/li>\n<li>\n<h5><a href=\"https:\/\/catalogue.bm-lyon.fr\/\">https:\/\/catalogue.bm-lyon.fr\/<\/a>accueil Catalogue de la Biblioth\u00e8que Municipale de Lyon qui poss\u00e8de un fond scientifique important<\/h5>\n<\/li>\n<li>\n<h5><a href=\"https:\/\/www.encyclopedie-environnement.org\/\">https:\/\/www.encyclopedie-environnement.org\/<\/a> : \u00e9manation de l&rsquo;universit\u00e9 de Grenoble. Il publie des articles destin\u00e9s \u00e0 faire mieux comprendre l&rsquo;\u00e9volution de l&rsquo;environnement et ses interactions avec les activit\u00e9s humaines.<\/h5>\n<\/li>\n<li>\n<h5><a href=\"https:\/\/theconversation.com\/fr\">https:\/\/theconversation.com\/fr<\/a>\u00a0 : <span class=\"gmail-font-bold\">m\u00e9dia g\u00e9n\u00e9raliste en ligne<\/span><span class=\"gmail-\"> issu d&rsquo;une collaboration entre des journalistes, universitaires et chercheurs ;\u00a0 il pr\u00e9sente souvent des articles sur des sujets au c\u0153ur du d\u00e9bat public.<\/span><\/h5>\n<\/li>\n<li>\n<h5><span style=\"color: #800080;\"><strong>Livroth\u00e8que de SVT :<\/strong> <\/span>\u00e0 consulter sur le r\u00e9seau du Lyc\u00e9e, dans le r\u00e9pertoire T:\\travail\\SVT\\biblioSVT<\/h5>\n<\/li>\n<li><strong><a href=\"http:\/\/cdi.lyceeduparc.fr\/\">Acc\u00e8s aux ressources du CDI du Lyc\u00e9e du Parc :<\/a> <\/strong>Recherches dans les ressources du CDI mais aussi les <strong>catalogues des biblioth\u00e8ques universitaires, des biblioth\u00e8ques municipales de Lyon&#8230;<\/strong><\/li>\n<\/ul>\n<ul>\n<li><strong><a href=\"http:\/\/www.pourlascience.fr\/ewb_pages\/e\/espace-numerique-archives.php?revue=16\">Archives de la revue \u00ab\u00a0Pour la Science\u00a0\u00bb<\/a><\/strong><\/li>\n<li><strong><a href=\"http:\/\/www.larecherche.fr\/archives\">Archives de la revue \u00ab\u00a0La recherche\u00a0\u00bb<\/a><\/strong><\/li>\n<\/ul>\n<p><strong>Des pistes de r\u00e9flexion pour choisir un sujet de TIPE :<\/strong><\/p>\n<p><a href=\"http:\/\/www.ea.inra.fr\/\">Le site de l&rsquo;INRA :<\/a> des pistes de r\u00e9flexion<\/p>\n<p>Site du CNRS pr\u00e9sentant les principes de la mod\u00e9lisation en g\u00e9ologie : <a href=\"http:\/\/www.cnrs.fr\/cw\/dossiers\/dosgeol\/01_decouvrir\/index_flash.htm\">Geomanips<\/a><\/p>\n<p><strong>Des sources de donn\u00e9es :<\/strong><\/p>\n<p><a href=\"https:\/\/planet-vie.ens.fr\/thematiques\/cellules-et-molecules\/bionumbers-une-base-de-donnees-quantitatives-en-biologie\">BioNumbers : une base de donn\u00e9es quantitatives en biologie cellulaire et mol\u00e9culaire<\/a><\/p>\n<p><a href=\"https:\/\/inpn.mnhn.fr\/programme\/les-programmes\">Base de donn\u00e9es INPN (Inventaire National du Patrimoine Naturel)<\/a> : esp\u00e8ces, habitats, espaces (espaces prot\u00e9g\u00e9s, patrimoine g\u00e9ologique&#8230;)<\/p>\n<p>Cartes IGN de l&rsquo;Anthropoc\u00e8ne :<\/p>\n<p>https:\/\/www.ign.fr\/atlas-ign-des-cartes-de-lanthropocene<\/p>\n<p><a href=\"https:\/\/www.infoclimat.fr\/climatologie-mensuelle\/07480\/janvier\/2020\/lyon-bron.html\">Donn\u00e9es m\u00e9t\u00e9orologiques et climatiques en France<\/a><\/p>\n<p><a href=\"http:\/\/www.graie.org\/graie\/index.htm\">Une mine d&rsquo;informations et ressources sur le th\u00e8me de l&rsquo;eau en Rh\u00f4ne-Alpes !<\/a><\/p>\n<p><a href=\"http:\/\/www.gissol.fr\/thematiques\/proprietes-des-sols-280\">Gis Sol\u00a0 :<\/a> Base de donn\u00e9es sur les sols de France<\/p>\n<p><strong>Des outils pour la r\u00e9alisation de votre TIPE :<\/strong><\/p>\n<p><a href=\"http:\/\/bcpst-svt-parc.fr\/wordpress\/wp-content\/uploads\/2012\/09\/Article-utilisation-des-statistiques-en-biologie.pdf\">Article utilisation des statistiques en biologie<\/a><\/p>\n<p><a href=\"https:\/\/svt.enseigne.ac-lyon.fr\/spip\/IMG\/html5\/cle_sol\/Cle_sol.html\">Cl\u00e9 de d\u00e9termination de la faune du sol<\/a><\/p>\n<p><a href=\"https:\/\/svt.enseigne.ac-lyon.fr\/spip\/IMG\/environnement\/deter_lichen.html\">Cl\u00e9 de d\u00e9termination des lichens<\/a><\/p>\n<p><a href=\"http:\/\/bcpst-svt-parc.fr\/wordpress\/wp-content\/uploads\/2012\/09\/clef_determination_mare.pdf\">Cl\u00e9 de d\u00e9termination de quelques animaux des mares et des rivi\u00e8res<\/a><\/p>\n<p><a href=\"http:\/\/atlas-des-insectes.fr\/\">Atlas des insectes : outil d&rsquo;identification<\/a><\/p>\n<p><a href=\"http:\/\/www.inforef.be\/projets\/eureauforma\/cle_diatom\/numero\/01.htm\">Cl\u00e9 de d\u00e9termination des diatom\u00e9es<\/a><\/p>\n<p><a href=\"http:\/\/prepasbio.org\/matieres\/documents-scientifiques\/\">Analyse d&rsquo;images par programme informatique : mesures de surface, images de fruits en maturation<\/a><\/p>\n\n\n<p><\/p>\n","protected":false},"excerpt":{"rendered":"<p>Rapport de jury_TIPE_concours AgroV\u00e9to 2021 Risques et s\u00e9curit\u00e9 : les r\u00e8gles \u00e0 respecter en SVT (document officiel de l&rsquo;Observatoire National de la S\u00e9curit\u00e9 et de l&rsquo;Accessibilit\u00e9 des \u00e9tablissements d&rsquo;enseignement) Pour vos recherches bibliographiques : Google Scholar : service de Google &hellip; <a href=\"http:\/\/bcpst-svt-parc.fr\/wordpress\/?page_id=1415\">Continuer la lecture <span class=\"meta-nav\">&rarr;<\/span><\/a><\/p>\n","protected":false},"author":2,"featured_media":0,"parent":18,"menu_order":0,"comment_status":"closed","ping_status":"closed","template":"","meta":{"footnotes":""},"class_list":["post-1415","page","type-page","status-publish","hentry"],"_links":{"self":[{"href":"http:\/\/bcpst-svt-parc.fr\/wordpress\/index.php?rest_route=\/wp\/v2\/pages\/1415","targetHints":{"allow":["GET"]}}],"collection":[{"href":"http:\/\/bcpst-svt-parc.fr\/wordpress\/index.php?rest_route=\/wp\/v2\/pages"}],"about":[{"href":"http:\/\/bcpst-svt-parc.fr\/wordpress\/index.php?rest_route=\/wp\/v2\/types\/page"}],"author":[{"embeddable":true,"href":"http:\/\/bcpst-svt-parc.fr\/wordpress\/index.php?rest_route=\/wp\/v2\/users\/2"}],"replies":[{"embeddable":true,"href":"http:\/\/bcpst-svt-parc.fr\/wordpress\/index.php?rest_route=%2Fwp%2Fv2%2Fcomments&post=1415"}],"version-history":[{"count":39,"href":"http:\/\/bcpst-svt-parc.fr\/wordpress\/index.php?rest_route=\/wp\/v2\/pages\/1415\/revisions"}],"predecessor-version":[{"id":5703,"href":"http:\/\/bcpst-svt-parc.fr\/wordpress\/index.php?rest_route=\/wp\/v2\/pages\/1415\/revisions\/5703"}],"up":[{"embeddable":true,"href":"http:\/\/bcpst-svt-parc.fr\/wordpress\/index.php?rest_route=\/wp\/v2\/pages\/18"}],"wp:attachment":[{"href":"http:\/\/bcpst-svt-parc.fr\/wordpress\/index.php?rest_route=%2Fwp%2Fv2%2Fmedia&parent=1415"}],"curies":[{"name":"wp","href":"https:\/\/api.w.org\/{rel}","templated":true}]}}