{"id":214,"date":"2013-01-25T11:51:49","date_gmt":"2013-01-25T10:51:49","guid":{"rendered":"http:\/\/bcpst-svt-parc.fr\/wordpress\/?page_id=214"},"modified":"2025-11-16T16:57:49","modified_gmt":"2025-11-16T15:57:49","slug":"calendrier-des-conferences-du-parc","status":"publish","type":"page","link":"http:\/\/bcpst-svt-parc.fr\/wordpress\/?page_id=214","title":{"rendered":"Conf\u00e9rences BCPST"},"content":{"rendered":"\n<h2 class=\"wp-block-heading\"><strong>Programme 2025 &#8211; 202<\/strong>6<\/h2>\n\n\n\n<ul class=\"wp-block-list\">\n<li><strong>Lundi 22 septembre \u00e0 18 h<\/strong><\/li>\n<\/ul>\n\n\n\n<h2 class=\"wp-block-heading\">\u00ab\u00a0<strong>La science en marche\u00a0\u00bb : des jeunes th\u00e9sards vous pr\u00e9sentent leur sujet de recherche<\/strong><\/h2>\n\n\n\n<p>Par Emma CALASSOU \/ Thomas DUCHATEAU \/ Axel MONTIGNY \/ Julia WATSON<\/p>\n\n\n\n<ul class=\"wp-block-list\">\n<li><strong><mark style=\"background-color:rgba(0, 0, 0, 0)\" class=\"has-inline-color has-blue-color\">Mercredi <\/mark>3 d\u00e9cembre \u00e0 18 h<\/strong><\/li>\n<\/ul>\n\n\n\n<h2 class=\"wp-block-heading\">\u00ab\u00a0<strong>L&rsquo;\u00e9volution sans g\u00eane &#8211; Aux origines de nos origines\u00a0\u00bb<\/strong><\/h2>\n\n\n\n<p>Par Sylvain CHARLAT, CNRS (UMR 5558) &#8211; Universit\u00e9 Lyon 1<br>Laboratoire de Biom\u00e9trie &amp; Biologie \u00c9volutive<\/p>\n\n\n\n<ul class=\"wp-block-list\">\n<li><strong>Lundi 12 janvier \u00e0 18 h<\/strong><\/li>\n<\/ul>\n\n\n\n<h2 class=\"wp-block-heading\"><strong>\u00ab\u00a0L&rsquo;arbre droit comme un  i\u00a0\u00bb<\/strong><\/h2>\n\n\n\n<p>Par Catherine LENNE, Directeur d&rsquo;Unit\u00e9 &#8211; Laboratoire de Physiologie Cellulaire et V\u00e9g\u00e9tale &#8211; UMR 5168 CNRS-CEA-INRAE &#8211; Universit\u00e9 Grenoble Alpes \/ INRAE UMR 1417, IRIG, CEA Grenoble<\/p>\n\n\n\n<ul class=\"wp-block-list\">\n<li><strong>Lundi 3 f\u00e9vrier \u00e0 18 h<\/strong><\/li>\n<\/ul>\n\n\n\n<h2 class=\"wp-block-heading\"><strong>\u00ab\u00a0L&rsquo;oc\u00e9an mondial, son contenant, son contenu, l&rsquo;atmosph\u00e8re qui le surmonte&#8230; et leurs interactions\u00a0\u00bb<\/strong><\/h2>\n\n\n\n<p>Par Pierre THOMAS, Professeur \u00e9m\u00e9rite de g\u00e9ologie \u00e0 l&rsquo;ENS Lyon<\/p>\n\n\n\n<p><\/p>\n","protected":false},"excerpt":{"rendered":"<p>Programme 2025 &#8211; 2026 \u00ab\u00a0La science en marche\u00a0\u00bb : des jeunes th\u00e9sards vous pr\u00e9sentent leur sujet de recherche Par Emma CALASSOU \/ Thomas DUCHATEAU \/ Axel MONTIGNY \/ Julia WATSON \u00ab\u00a0L&rsquo;\u00e9volution sans g\u00eane &#8211; Aux origines de nos origines\u00a0\u00bb Par &hellip; <a href=\"http:\/\/bcpst-svt-parc.fr\/wordpress\/?page_id=214\">Continuer la lecture <span class=\"meta-nav\">&rarr;<\/span><\/a><\/p>\n","protected":false},"author":2,"featured_media":426,"parent":0,"menu_order":0,"comment_status":"closed","ping_status":"closed","template":"","meta":{"footnotes":""},"class_list":["post-214","page","type-page","status-publish","has-post-thumbnail","hentry"],"_links":{"self":[{"href":"http:\/\/bcpst-svt-parc.fr\/wordpress\/index.php?rest_route=\/wp\/v2\/pages\/214","targetHints":{"allow":["GET"]}}],"collection":[{"href":"http:\/\/bcpst-svt-parc.fr\/wordpress\/index.php?rest_route=\/wp\/v2\/pages"}],"about":[{"href":"http:\/\/bcpst-svt-parc.fr\/wordpress\/index.php?rest_route=\/wp\/v2\/types\/page"}],"author":[{"embeddable":true,"href":"http:\/\/bcpst-svt-parc.fr\/wordpress\/index.php?rest_route=\/wp\/v2\/users\/2"}],"replies":[{"embeddable":true,"href":"http:\/\/bcpst-svt-parc.fr\/wordpress\/index.php?rest_route=%2Fwp%2Fv2%2Fcomments&post=214"}],"version-history":[{"count":91,"href":"http:\/\/bcpst-svt-parc.fr\/wordpress\/index.php?rest_route=\/wp\/v2\/pages\/214\/revisions"}],"predecessor-version":[{"id":6676,"href":"http:\/\/bcpst-svt-parc.fr\/wordpress\/index.php?rest_route=\/wp\/v2\/pages\/214\/revisions\/6676"}],"wp:featuredmedia":[{"embeddable":true,"href":"http:\/\/bcpst-svt-parc.fr\/wordpress\/index.php?rest_route=\/wp\/v2\/media\/426"}],"wp:attachment":[{"href":"http:\/\/bcpst-svt-parc.fr\/wordpress\/index.php?rest_route=%2Fwp%2Fv2%2Fmedia&parent=214"}],"curies":[{"name":"wp","href":"https:\/\/api.w.org\/{rel}","templated":true}]}}