{"id":302,"date":"2013-05-01T20:55:11","date_gmt":"2013-05-01T19:55:11","guid":{"rendered":"http:\/\/bcpst-svt-parc.fr\/wordpress\/?page_id=302"},"modified":"2024-03-06T10:38:55","modified_gmt":"2024-03-06T09:38:55","slug":"les-familles-de-fleurs","status":"publish","type":"page","link":"http:\/\/bcpst-svt-parc.fr\/wordpress\/?page_id=302","title":{"rendered":"Les familles de fleurs"},"content":{"rendered":"<p><a href=\"http:\/\/bcpst-svt-parc.fr\/wordpress\/wp-content\/uploads\/2013\/05\/Famille-des-Apiac\u00e9es.pdf\">Famille des Apiac\u00e9es<\/a><\/p>\n<p><a href=\"http:\/\/bcpst-svt-parc.fr\/wordpress\/wp-content\/uploads\/2013\/05\/Famille-des-Asterac\u00e9es1.pdf\">Famille des Asterac\u00e9es<\/a><\/p>\n<p><a href=\"http:\/\/bcpst-svt-parc.fr\/wordpress\/wp-content\/uploads\/2013\/05\/Famille-des-Brassicac\u00e9es2.pdf\">Famille des Brassicac\u00e9es<\/a> \u00e0 voir aussi sur le site SNV Jussieu : <a href=\"http:\/\/www.snv.jussieu.fr\/bmedia\/brassica\/index.htm\">Famille des Crucif\u00e8res<\/a><\/p>\n<p><a href=\"http:\/\/bcpst-svt-parc.fr\/wordpress\/wp-content\/uploads\/2013\/05\/Famille-des-Dianthac\u00e9es1.pdf\">Famille des Dianthac\u00e9es<\/a><\/p>\n<p><a href=\"http:\/\/bcpst-svt-parc.fr\/wordpress\/wp-content\/uploads\/2013\/05\/Famille-des-Euphorbiac\u00e9es.pdf\">Famille des Euphorbiac\u00e9es<\/a><\/p>\n<p><a href=\"http:\/\/bcpst-svt-parc.fr\/wordpress\/wp-content\/uploads\/2013\/05\/Famille-des-Fabac\u00e9es1.pdf\">Famille des Fabac\u00e9es<\/a><\/p>\n<p><a href=\"http:\/\/bcpst-svt-parc.fr\/wordpress\/wp-content\/uploads\/2013\/05\/Famille-des-G\u00e9raniac\u00e9es.pdf\">Famille des G\u00e9raniac\u00e9es<\/a><\/p>\n<p><a href=\"http:\/\/bcpst-svt-parc.fr\/wordpress\/wp-content\/uploads\/2013\/05\/Famille-des-Lamiac\u00e9es.pdf\">Famille des Lamiac\u00e9es<\/a><\/p>\n<p><a href=\"http:\/\/bcpst-svt-parc.fr\/wordpress\/wp-content\/uploads\/2013\/05\/Famille-des-Malvac\u00e9es1.pdf\">Famille des Malvac\u00e9es<\/a><\/p>\n<p><a href=\"http:\/\/bcpst-svt-parc.fr\/wordpress\/wp-content\/uploads\/2013\/05\/Famille-des-Papav\u00e9rac\u00e9es.pdf\">Famille des Papav\u00e9rac\u00e9es<\/a><\/p>\n<p><a href=\"http:\/\/bcpst-svt-parc.fr\/wordpress\/wp-content\/uploads\/2013\/05\/Famille-des-Poac\u00e9es1.pdf\">Famille des Poac\u00e9es<\/a><\/p>\n<p><a href=\"http:\/\/bcpst-svt-parc.fr\/wordpress\/wp-content\/uploads\/2013\/05\/Famille-des-Primulac\u00e9es1.pdf\">Famille des Primulac\u00e9es<\/a><\/p>\n<p><a href=\"http:\/\/bcpst-svt-parc.fr\/wordpress\/wp-content\/uploads\/2013\/05\/Famille-des-Renonculac\u00e9es.pdf\">Famille des Renonculac\u00e9es<\/a><\/p>\n<p><a href=\"http:\/\/bcpst-svt-parc.fr\/wordpress\/wp-content\/uploads\/2013\/05\/Famille-des-Rosac\u00e9es.pdf\">Famille des Rosac\u00e9es<\/a><\/p>\n<p><a href=\"http:\/\/bcpst-svt-parc.fr\/wordpress\/wp-content\/uploads\/2013\/05\/Famille-des-Rubiac\u00e9es.pdf\">Famille des Rubiac\u00e9es<\/a><\/p>\n<p><a href=\"http:\/\/bcpst-svt-parc.fr\/wordpress\/wp-content\/uploads\/2013\/05\/Famille-des-Scrofulariac\u00e9es.pdf\">Famille des Scrofulariac\u00e9es<\/a><\/p>\n","protected":false},"excerpt":{"rendered":"<p>Famille des Apiac\u00e9es Famille des Asterac\u00e9es Famille des Brassicac\u00e9es \u00e0 voir aussi sur le site SNV Jussieu : Famille des Crucif\u00e8res Famille des Dianthac\u00e9es Famille des Euphorbiac\u00e9es Famille des Fabac\u00e9es Famille des G\u00e9raniac\u00e9es Famille des Lamiac\u00e9es Famille des Malvac\u00e9es Famille &hellip; <a href=\"http:\/\/bcpst-svt-parc.fr\/wordpress\/?page_id=302\">Continuer la lecture <span class=\"meta-nav\">&rarr;<\/span><\/a><\/p>\n","protected":false},"author":1,"featured_media":0,"parent":4017,"menu_order":0,"comment_status":"closed","ping_status":"closed","template":"","meta":{"footnotes":""},"class_list":["post-302","page","type-page","status-publish","hentry"],"_links":{"self":[{"href":"http:\/\/bcpst-svt-parc.fr\/wordpress\/index.php?rest_route=\/wp\/v2\/pages\/302","targetHints":{"allow":["GET"]}}],"collection":[{"href":"http:\/\/bcpst-svt-parc.fr\/wordpress\/index.php?rest_route=\/wp\/v2\/pages"}],"about":[{"href":"http:\/\/bcpst-svt-parc.fr\/wordpress\/index.php?rest_route=\/wp\/v2\/types\/page"}],"author":[{"embeddable":true,"href":"http:\/\/bcpst-svt-parc.fr\/wordpress\/index.php?rest_route=\/wp\/v2\/users\/1"}],"replies":[{"embeddable":true,"href":"http:\/\/bcpst-svt-parc.fr\/wordpress\/index.php?rest_route=%2Fwp%2Fv2%2Fcomments&post=302"}],"version-history":[{"count":18,"href":"http:\/\/bcpst-svt-parc.fr\/wordpress\/index.php?rest_route=\/wp\/v2\/pages\/302\/revisions"}],"predecessor-version":[{"id":1867,"href":"http:\/\/bcpst-svt-parc.fr\/wordpress\/index.php?rest_route=\/wp\/v2\/pages\/302\/revisions\/1867"}],"up":[{"embeddable":true,"href":"http:\/\/bcpst-svt-parc.fr\/wordpress\/index.php?rest_route=\/wp\/v2\/pages\/4017"}],"wp:attachment":[{"href":"http:\/\/bcpst-svt-parc.fr\/wordpress\/index.php?rest_route=%2Fwp%2Fv2%2Fmedia&parent=302"}],"curies":[{"name":"wp","href":"https:\/\/api.w.org\/{rel}","templated":true}]}}