{"id":35,"date":"2012-10-17T09:59:22","date_gmt":"2012-10-17T08:59:22","guid":{"rendered":"http:\/\/bcpst-svt-parc.fr\/wordpress\/?page_id=35"},"modified":"2026-04-25T15:05:43","modified_gmt":"2026-04-25T14:05:43","slug":"bienvenue","status":"publish","type":"page","link":"http:\/\/bcpst-svt-parc.fr\/wordpress\/","title":{"rendered":"Accueil"},"content":{"rendered":"\n<h2 class=\"wp-block-heading\"><strong><mark style=\"background-color:rgba(0, 0, 0, 0);color:#e733d3\" class=\"has-inline-color\">Pour r\u00e9viser les roches :<\/mark><\/strong><\/h2>\n\n\n\n<p><strong>Un <a href=\"https:\/\/docs.google.com\/forms\/d\/e\/1FAIpQLSd5C7gLz6rYOuUliWr83ByKfMZ4jC6-aPOyn_AtPgigrMIXgQ\/viewform?usp=sf_link\">QCM de p\u00e9trologie<\/a> pr\u00e9par\u00e9 par Mme Perrier<\/strong><\/p>\n\n\n\n<hr class=\"wp-block-separator has-alpha-channel-opacity\"\/>\n\n\n\n<h2 class=\"wp-block-heading\" id=\"les-images-de-la-semaine\"><strong><mark style=\"background-color:rgba(0, 0, 0, 0);color:#e733d3\" class=\"has-inline-color\">L&rsquo;image de la quinzaine :<\/mark><\/strong><\/h2>\n\n\n\n<p><\/p>\n\n\n\n<figure class=\"wp-block-gallery has-nested-images columns-default is-cropped wp-block-gallery-1 is-layout-flex wp-block-gallery-is-layout-flex\">\n<figure class=\"wp-block-image size-large\"><a href=\"https:\/\/bcpst-svt-parc.fr\/wordpress\/wp-content\/uploads\/2026\/04\/image-pour-le-site-240426.jpg\"><img loading=\"lazy\" decoding=\"async\" width=\"1024\" height=\"728\" data-id=\"6780\" src=\"https:\/\/bcpst-svt-parc.fr\/wordpress\/wp-content\/uploads\/2026\/04\/image-pour-le-site-240426-1024x728.jpg\" alt=\"\" class=\"wp-image-6780\" srcset=\"http:\/\/bcpst-svt-parc.fr\/wordpress\/wp-content\/uploads\/2026\/04\/image-pour-le-site-240426-1024x728.jpg 1024w, http:\/\/bcpst-svt-parc.fr\/wordpress\/wp-content\/uploads\/2026\/04\/image-pour-le-site-240426-300x213.jpg 300w, http:\/\/bcpst-svt-parc.fr\/wordpress\/wp-content\/uploads\/2026\/04\/image-pour-le-site-240426-768x546.jpg 768w, http:\/\/bcpst-svt-parc.fr\/wordpress\/wp-content\/uploads\/2026\/04\/image-pour-le-site-240426.jpg 1080w\" sizes=\"auto, (max-width: 1024px) 100vw, 1024px\" \/><\/a><\/figure>\n<\/figure>\n\n\n\n<p><\/p>\n","protected":false},"excerpt":{"rendered":"<p>Pour r\u00e9viser les roches : Un QCM de p\u00e9trologie pr\u00e9par\u00e9 par Mme Perrier L&rsquo;image de la quinzaine :<\/p>\n","protected":false},"author":2,"featured_media":7,"parent":0,"menu_order":0,"comment_status":"closed","ping_status":"closed","template":"","meta":{"footnotes":""},"class_list":["post-35","page","type-page","status-publish","has-post-thumbnail","hentry"],"_links":{"self":[{"href":"http:\/\/bcpst-svt-parc.fr\/wordpress\/index.php?rest_route=\/wp\/v2\/pages\/35","targetHints":{"allow":["GET"]}}],"collection":[{"href":"http:\/\/bcpst-svt-parc.fr\/wordpress\/index.php?rest_route=\/wp\/v2\/pages"}],"about":[{"href":"http:\/\/bcpst-svt-parc.fr\/wordpress\/index.php?rest_route=\/wp\/v2\/types\/page"}],"author":[{"embeddable":true,"href":"http:\/\/bcpst-svt-parc.fr\/wordpress\/index.php?rest_route=\/wp\/v2\/users\/2"}],"replies":[{"embeddable":true,"href":"http:\/\/bcpst-svt-parc.fr\/wordpress\/index.php?rest_route=%2Fwp%2Fv2%2Fcomments&post=35"}],"version-history":[{"count":972,"href":"http:\/\/bcpst-svt-parc.fr\/wordpress\/index.php?rest_route=\/wp\/v2\/pages\/35\/revisions"}],"predecessor-version":[{"id":6781,"href":"http:\/\/bcpst-svt-parc.fr\/wordpress\/index.php?rest_route=\/wp\/v2\/pages\/35\/revisions\/6781"}],"wp:featuredmedia":[{"embeddable":true,"href":"http:\/\/bcpst-svt-parc.fr\/wordpress\/index.php?rest_route=\/wp\/v2\/media\/7"}],"wp:attachment":[{"href":"http:\/\/bcpst-svt-parc.fr\/wordpress\/index.php?rest_route=%2Fwp%2Fv2%2Fmedia&parent=35"}],"curies":[{"name":"wp","href":"https:\/\/api.w.org\/{rel}","templated":true}]}}