{"id":4099,"date":"2021-08-30T21:42:55","date_gmt":"2021-08-30T20:42:55","guid":{"rendered":"http:\/\/bcpst-svt-parc.fr\/wordpress\/?page_id=4099"},"modified":"2022-09-05T20:37:15","modified_gmt":"2022-09-05T19:37:15","slug":"tp-biologie-cellulaire-et-moleculaire","status":"publish","type":"page","link":"http:\/\/bcpst-svt-parc.fr\/wordpress\/?page_id=4099","title":{"rendered":"TP Biologie cellulaire et mol\u00e9culaire"},"content":{"rendered":"\n<div class=\"wp-block-file\"><a id=\"wp-block-file--media-7c4e6a8f-772d-435c-b24a-9edcd7479401\" href=\"http:\/\/bcpst-svt-parc.fr\/wordpress\/wp-content\/uploads\/2022\/09\/TP-0-Bio-cell-2022.pdf\">TP 0 biologie cellulaire<\/a><\/div>\n\n\n\n<div class=\"wp-block-file\"><a id=\"wp-block-file--media-a04df82b-3f67-4660-8d24-52520d2991e8\" href=\"http:\/\/bcpst-svt-parc.fr\/wordpress\/wp-content\/uploads\/2021\/09\/TP-1-bio-cell-1_2021.pdf\">TP 3 biologie cellulaire 1<\/a><\/div>\n\n\n\n<div class=\"wp-block-file\"><a id=\"wp-block-file--media-0fafd16a-d52d-4873-8092-2d8796ee3666\" href=\"http:\/\/bcpst-svt-parc.fr\/wordpress\/wp-content\/uploads\/2021\/10\/TP-biologie-cellulaire-2_2021.pdf\">TP 4 biologie cellulaire 2<\/a><\/div>\n\n\n\n<div class=\"wp-block-file\"><a id=\"wp-block-file--media-7a7a7388-ea69-4dac-9e1d-429bc25f690e\" href=\"http:\/\/bcpst-svt-parc.fr\/wordpress\/wp-content\/uploads\/2021\/10\/TP-Bio-Cell_2-planches-electronographies.pdf\">TP 4 biologie cellulaire_2 planches \u00e9lectronographies<\/a><\/div>\n\n\n\n<div class=\"wp-block-file\"><a id=\"wp-block-file--media-3f0bfd06-4436-4c44-95a8-7c29e3d2f17b\" href=\"http:\/\/bcpst-svt-parc.fr\/wordpress\/wp-content\/uploads\/2021\/10\/TP-5-BioCell-3_2021.pdf\">TP 5 biologie cellulaire 3<\/a><\/div>\n\n\n\n<div class=\"wp-block-file\"><a id=\"wp-block-file--media-2d0d45f7-5fe1-4e7a-a418-fac2ecb73132\" href=\"http:\/\/bcpst-svt-parc.fr\/wordpress\/wp-content\/uploads\/2021\/10\/TP-6-et-7-methodes-detude-des-proteines.pdf\">TP 6 et 7 M\u00e9thodes d&rsquo;\u00e9tude des prot\u00e9ines<\/a><\/div>\n\n\n\n<div class=\"wp-block-file\"><a id=\"wp-block-file--media-1bd98103-51b7-41a1-b9b9-25e6199f51b8\" href=\"http:\/\/bcpst-svt-parc.fr\/wordpress\/wp-content\/uploads\/2022\/03\/TP-20-Enzymo-corrections-exploitations-et-exos_Anne2020.pdf\">TP-20-Enzymo-corrections-exploitations-et-exos<\/a><\/div>\n\n\n\n<div class=\"wp-block-file\"><a id=\"wp-block-file--media-65770ef3-4edd-4eeb-abd1-5b7afcc4de4d\" href=\"http:\/\/bcpst-svt-parc.fr\/wordpress\/wp-content\/uploads\/2022\/03\/TP-21-22-Genome-2021.pdf\">TP-21-22-Genome<\/a><\/div>\n\n\n\n<div class=\"wp-block-file\"><a id=\"wp-block-file--media-a915e0ff-c1d7-456d-aa14-567e20dd1e7d\" href=\"http:\/\/bcpst-svt-parc.fr\/wordpress\/wp-content\/uploads\/2022\/03\/TP23-Les-divisions-cellulaires_ppt.pdf\">TP23-Les-divisions-cellulaires<\/a><\/div>\n\n\n\n\n\n<p><\/p>\n","protected":false},"excerpt":{"rendered":"","protected":false},"author":1,"featured_media":0,"parent":46,"menu_order":0,"comment_status":"closed","ping_status":"closed","template":"","meta":{"footnotes":""},"class_list":["post-4099","page","type-page","status-publish","hentry"],"_links":{"self":[{"href":"http:\/\/bcpst-svt-parc.fr\/wordpress\/index.php?rest_route=\/wp\/v2\/pages\/4099","targetHints":{"allow":["GET"]}}],"collection":[{"href":"http:\/\/bcpst-svt-parc.fr\/wordpress\/index.php?rest_route=\/wp\/v2\/pages"}],"about":[{"href":"http:\/\/bcpst-svt-parc.fr\/wordpress\/index.php?rest_route=\/wp\/v2\/types\/page"}],"author":[{"embeddable":true,"href":"http:\/\/bcpst-svt-parc.fr\/wordpress\/index.php?rest_route=\/wp\/v2\/users\/1"}],"replies":[{"embeddable":true,"href":"http:\/\/bcpst-svt-parc.fr\/wordpress\/index.php?rest_route=%2Fwp%2Fv2%2Fcomments&post=4099"}],"version-history":[{"count":13,"href":"http:\/\/bcpst-svt-parc.fr\/wordpress\/index.php?rest_route=\/wp\/v2\/pages\/4099\/revisions"}],"predecessor-version":[{"id":4904,"href":"http:\/\/bcpst-svt-parc.fr\/wordpress\/index.php?rest_route=\/wp\/v2\/pages\/4099\/revisions\/4904"}],"up":[{"embeddable":true,"href":"http:\/\/bcpst-svt-parc.fr\/wordpress\/index.php?rest_route=\/wp\/v2\/pages\/46"}],"wp:attachment":[{"href":"http:\/\/bcpst-svt-parc.fr\/wordpress\/index.php?rest_route=%2Fwp%2Fv2%2Fmedia&parent=4099"}],"curies":[{"name":"wp","href":"https:\/\/api.w.org\/{rel}","templated":true}]}}