{"id":4105,"date":"2021-08-30T21:52:28","date_gmt":"2021-08-30T20:52:28","guid":{"rendered":"http:\/\/bcpst-svt-parc.fr\/wordpress\/?page_id=4105"},"modified":"2025-11-15T10:21:30","modified_gmt":"2025-11-15T09:21:30","slug":"tp-biologie-vegetale","status":"publish","type":"page","link":"http:\/\/bcpst-svt-parc.fr\/wordpress\/?page_id=4105","title":{"rendered":"TP Biologie v\u00e9g\u00e9tale"},"content":{"rendered":"\n<div class=\"wp-block-file\"><a id=\"wp-block-file--media-4e4db6ef-0499-4110-99fd-d46cd27ce4a4\" href=\"http:\/\/bcpst-svt-parc.fr\/wordpress\/wp-content\/uploads\/2021\/08\/TP-0-Biologie-florale-2021.pdf\" target=\"_blank\" rel=\"noreferrer noopener\">TP 0 Biologie florale 2021<\/a><\/div>\n\n\n\n<p><a href=\"http:\/\/bcpst-svt-parc.fr\/wordpress\/wp-content\/uploads\/2020\/04\/Fiche-analyse-florale.pdf\">Fiche analyse florale<\/a><\/p>\n\n\n\n<p><a href=\"http:\/\/bcpst-svt-parc.fr\/wordpress\/wp-content\/uploads\/2020\/03\/TP-fleurs-zoom-du-25-mars.pdf\">TP fleurs zoom du 25 mars 2020<\/a><\/p>\n\n\n\n<p><a href=\"http:\/\/bcpst-svt-parc.fr\/wordpress\/wp-content\/uploads\/2020\/04\/Fleurs-\u00e0-d\u00e9terminer.pdf\">Quelques fleurs \u00e0 d\u00e9terminer pour vous entra\u00eener<\/a><\/p>\n\n\n\n<p><a href=\"http:\/\/bcpst-svt-parc.fr\/wordpress\/wp-content\/uploads\/2020\/05\/Fleurs-\u00e0-d\u00e9terminer-solutions.pdf\">&#8230;Les solutions<\/a><\/p>\n\n\n\n<p><a href=\"http:\/\/bioeco.free.fr\/idxexo.htm\">Exercices de biologie florale<\/a><\/p>\n\n\n\n<p><a href=\"https:\/\/www.tela-botanica.org\/eflore\/bonnierpda\/menus\/000-general\/accueil1_640.html\">La Flore de Bonnier en ligne !<\/a><\/p>\n\n\n\n<p><a href=\"http:\/\/flore-en-ligne.fr\/\">http:\/\/flore-en-ligne.fr\/<\/a><\/p>\n\n\n\n<p><a href=\"http:\/\/www.floredorsay.u-psud.fr\/flore_web\/\">Pour v\u00e9rifier votre d\u00e9termination de fleur : Flore Virtuelle d&rsquo;Orsay<\/a><\/p>\n\n\n\n<p>Un autre site avec de magnifiques photos pour v\u00e9rifier votre d\u00e9termination : <a href=\"http:\/\/flore-en-ligne.fr\/\">L&rsquo;Herbier num\u00e9rique de snv.jussieu<\/a><\/p>\n\n\n\n<p><a href=\"http:\/\/www.onf.fr\/activites_nature\/++oid++13ee\/@@display_advise.html\">Lien pour charger l&rsquo;application de l&rsquo;ONF pour identifier les arbres en for\u00eat<\/a><\/p>\n\n\n\n<p><a href=\"http:\/\/bcpst-svt-parc.fr\/wordpress\/?page_id=302\">Les familles de Fleurs : pr\u00e9sentations ppt de quelques familles \u00e9tudi\u00e9es en classe<\/a><\/p>\n\n\n\n<p><a href=\"http:\/\/bioeco.free.fr\/index.htm\">Un site qui rassemble les caract\u00e9ristiques des familles d&rsquo;Angiospermes (et des Gymnospermes), avec des photos <\/a>(dans le Menu, choisir \u00ab\u00a0Photos\u00a0\u00bb puis \u00ab\u00a0Familles\u00a0\u00bb)<\/p>\n\n\n\n<div class=\"wp-block-file\"><a id=\"wp-block-file--media-c67ad465-0d55-4fa6-8b37-4303250fb4da\" href=\"http:\/\/bcpst-svt-parc.fr\/wordpress\/wp-content\/uploads\/2022\/03\/TP-18-Anatomie-des-Angiospermes_1.pdf\">TP-18-Anatomie-des-Angiospermes_1<\/a><\/div>\n\n\n\n<figure class=\"wp-block-image size-large is-resized\"><a href=\"http:\/\/bcpst-svt-parc.fr\/wordpress\/wp-content\/uploads\/2022\/01\/Martin-Ayme-cylindre-central-dIris-2.jpg\"><img loading=\"lazy\" decoding=\"async\" width=\"812\" height=\"1024\" src=\"http:\/\/bcpst-svt-parc.fr\/wordpress\/wp-content\/uploads\/2022\/01\/Martin-Ayme-cylindre-central-dIris-2-812x1024.jpg\" alt=\"\" class=\"wp-image-4520\" style=\"width:346px;height:435px\" srcset=\"http:\/\/bcpst-svt-parc.fr\/wordpress\/wp-content\/uploads\/2022\/01\/Martin-Ayme-cylindre-central-dIris-2-812x1024.jpg 812w, http:\/\/bcpst-svt-parc.fr\/wordpress\/wp-content\/uploads\/2022\/01\/Martin-Ayme-cylindre-central-dIris-2-238x300.jpg 238w, http:\/\/bcpst-svt-parc.fr\/wordpress\/wp-content\/uploads\/2022\/01\/Martin-Ayme-cylindre-central-dIris-2-768x968.jpg 768w, http:\/\/bcpst-svt-parc.fr\/wordpress\/wp-content\/uploads\/2022\/01\/Martin-Ayme-cylindre-central-dIris-2-1218x1536.jpg 1218w, http:\/\/bcpst-svt-parc.fr\/wordpress\/wp-content\/uploads\/2022\/01\/Martin-Ayme-cylindre-central-dIris-2-1625x2048.jpg 1625w, http:\/\/bcpst-svt-parc.fr\/wordpress\/wp-content\/uploads\/2022\/01\/Martin-Ayme-cylindre-central-dIris-2.jpg 1819w\" sizes=\"auto, (max-width: 812px) 100vw, 812px\" \/><\/a><\/figure>\n\n\n\n<figure class=\"wp-block-image size-full\"><a href=\"http:\/\/bcpst-svt-parc.fr\/wordpress\/wp-content\/uploads\/2023\/09\/Quelques-photos-de-votre-TP-danatomie-vegetale-1024x576-1.jpg\"><img loading=\"lazy\" decoding=\"async\" width=\"1024\" height=\"576\" src=\"http:\/\/bcpst-svt-parc.fr\/wordpress\/wp-content\/uploads\/2023\/09\/Quelques-photos-de-votre-TP-danatomie-vegetale-1024x576-1.jpg\" alt=\"\" class=\"wp-image-5608\" srcset=\"http:\/\/bcpst-svt-parc.fr\/wordpress\/wp-content\/uploads\/2023\/09\/Quelques-photos-de-votre-TP-danatomie-vegetale-1024x576-1.jpg 1024w, http:\/\/bcpst-svt-parc.fr\/wordpress\/wp-content\/uploads\/2023\/09\/Quelques-photos-de-votre-TP-danatomie-vegetale-1024x576-1-300x169.jpg 300w, http:\/\/bcpst-svt-parc.fr\/wordpress\/wp-content\/uploads\/2023\/09\/Quelques-photos-de-votre-TP-danatomie-vegetale-1024x576-1-768x432.jpg 768w\" sizes=\"auto, (max-width: 1024px) 100vw, 1024px\" \/><\/a><\/figure>\n\n\n\n<div class=\"wp-block-file\"><a id=\"wp-block-file--media-ea47af16-5eba-49bf-b356-e266c8cbc3c3\" href=\"http:\/\/bcpst-svt-parc.fr\/wordpress\/wp-content\/uploads\/2022\/03\/TP-19-Anatomie-des-Angiospermes_2.pdf\">TP-19-Anatomie-des-Angiospermes_2<\/a><\/div>\n\n\n\n<figure class=\"wp-block-image size-full\"><a href=\"http:\/\/bcpst-svt-parc.fr\/wordpress\/wp-content\/uploads\/2023\/09\/tourbiere-de-Gimel-systeme-racinaire-du-pin-1024x576-1.jpg\"><img loading=\"lazy\" decoding=\"async\" width=\"1024\" height=\"576\" src=\"http:\/\/bcpst-svt-parc.fr\/wordpress\/wp-content\/uploads\/2023\/09\/tourbiere-de-Gimel-systeme-racinaire-du-pin-1024x576-1.jpg\" alt=\"\" class=\"wp-image-5610\" srcset=\"http:\/\/bcpst-svt-parc.fr\/wordpress\/wp-content\/uploads\/2023\/09\/tourbiere-de-Gimel-systeme-racinaire-du-pin-1024x576-1.jpg 1024w, http:\/\/bcpst-svt-parc.fr\/wordpress\/wp-content\/uploads\/2023\/09\/tourbiere-de-Gimel-systeme-racinaire-du-pin-1024x576-1-300x169.jpg 300w, http:\/\/bcpst-svt-parc.fr\/wordpress\/wp-content\/uploads\/2023\/09\/tourbiere-de-Gimel-systeme-racinaire-du-pin-1024x576-1-768x432.jpg 768w\" sizes=\"auto, (max-width: 1024px) 100vw, 1024px\" \/><\/a><figcaption class=\"wp-element-caption\"><strong>Syst\u00e8me racinaire fascicul\u00e9 du pin&nbsp; <\/strong>(Tourbi\u00e8re de Gimel, Loire ; photo F. Celle)<\/figcaption><\/figure>\n\n\n\n<figure class=\"wp-block-image size-full\"><a href=\"http:\/\/bcpst-svt-parc.fr\/wordpress\/wp-content\/uploads\/2023\/09\/Mycorhize-952-recadrees-1024x370-1.jpg\"><img decoding=\"async\" src=\"http:\/\/bcpst-svt-parc.fr\/wordpress\/wp-content\/uploads\/2023\/09\/Mycorhize-952-recadrees-1024x370-1.jpg\" alt=\"\" class=\"wp-image-5612\"\/><\/a><\/figure>\n","protected":false},"excerpt":{"rendered":"<p>Fiche analyse florale TP fleurs zoom du 25 mars 2020 Quelques fleurs \u00e0 d\u00e9terminer pour vous entra\u00eener &#8230;Les solutions Exercices de biologie florale La Flore de Bonnier en ligne ! http:\/\/flore-en-ligne.fr\/ Pour v\u00e9rifier votre d\u00e9termination de fleur : Flore Virtuelle &hellip; <a href=\"http:\/\/bcpst-svt-parc.fr\/wordpress\/?page_id=4105\">Continuer la lecture <span class=\"meta-nav\">&rarr;<\/span><\/a><\/p>\n","protected":false},"author":1,"featured_media":0,"parent":46,"menu_order":0,"comment_status":"closed","ping_status":"closed","template":"","meta":{"footnotes":""},"class_list":["post-4105","page","type-page","status-publish","hentry"],"_links":{"self":[{"href":"http:\/\/bcpst-svt-parc.fr\/wordpress\/index.php?rest_route=\/wp\/v2\/pages\/4105","targetHints":{"allow":["GET"]}}],"collection":[{"href":"http:\/\/bcpst-svt-parc.fr\/wordpress\/index.php?rest_route=\/wp\/v2\/pages"}],"about":[{"href":"http:\/\/bcpst-svt-parc.fr\/wordpress\/index.php?rest_route=\/wp\/v2\/types\/page"}],"author":[{"embeddable":true,"href":"http:\/\/bcpst-svt-parc.fr\/wordpress\/index.php?rest_route=\/wp\/v2\/users\/1"}],"replies":[{"embeddable":true,"href":"http:\/\/bcpst-svt-parc.fr\/wordpress\/index.php?rest_route=%2Fwp%2Fv2%2Fcomments&post=4105"}],"version-history":[{"count":11,"href":"http:\/\/bcpst-svt-parc.fr\/wordpress\/index.php?rest_route=\/wp\/v2\/pages\/4105\/revisions"}],"predecessor-version":[{"id":6663,"href":"http:\/\/bcpst-svt-parc.fr\/wordpress\/index.php?rest_route=\/wp\/v2\/pages\/4105\/revisions\/6663"}],"up":[{"embeddable":true,"href":"http:\/\/bcpst-svt-parc.fr\/wordpress\/index.php?rest_route=\/wp\/v2\/pages\/46"}],"wp:attachment":[{"href":"http:\/\/bcpst-svt-parc.fr\/wordpress\/index.php?rest_route=%2Fwp%2Fv2%2Fmedia&parent=4105"}],"curies":[{"name":"wp","href":"https:\/\/api.w.org\/{rel}","templated":true}]}}