{"id":61,"date":"2012-10-19T15:43:25","date_gmt":"2012-10-19T14:43:25","guid":{"rendered":"http:\/\/bcpst-svt-parc.fr\/wordpress\/?page_id=61"},"modified":"2026-04-10T08:17:19","modified_gmt":"2026-04-10T07:17:19","slug":"methodologie","status":"publish","type":"page","link":"http:\/\/bcpst-svt-parc.fr\/wordpress\/?page_id=61","title":{"rendered":"M\u00e9thodologie"},"content":{"rendered":"\n<p><strong>-&gt; Pour prendre connaissance des modalit\u00e9s des \u00e9preuves au concours commun :<\/strong><\/p>\n\n\n\n<h3 class=\"wp-block-heading\"><a href=\"http:\/\/bcpst-svt-parc.fr\/wordpress\/wp-content\/uploads\/2023\/09\/DESCRIPTIFS-DES-EPREUVES-ECRITES-ET-ORALES_Concours-A-2023.pdf\">DESCRIPTIFS DES \u00c9PREUVES \u00c9CRITES ET ORALES_Concours A 2023<\/a><\/h3>\n\n\n\n<p><strong>-&gt; Les fiches m\u00e9thodes pour les deux types d&rsquo;\u00e9preuves \u00e9crites du concours commun :<br><\/strong><\/p>\n\n\n\n<p><a href=\"http:\/\/bcpst-svt-parc.fr\/wordpress\/wp-content\/uploads\/2012\/10\/Fiche-m\u00e9thode_devoir-de-synth\u00e8se-2015.pdf\">L&rsquo;\u00e9preuve \u00e9crite de synth\u00e8se<\/a><\/p>\n\n\n\n<p><a href=\"http:\/\/bcpst-svt-parc.fr\/wordpress\/wp-content\/uploads\/2025\/11\/Fiche-methode_epreuve-B_revue-2017-version-finale-bis-sur-1-page.pdf\">L&rsquo;\u00e9preuve \u00e9crite sur documents<\/a><\/p>\n\n\n\n<p><strong>-&gt; Des fiches m\u00e9thodes pour l&rsquo;\u00e9preuve de TP du concours commun :<\/strong><\/p>\n\n\n\n<p><a href=\"http:\/\/bcpst-svt-parc.fr\/wordpress\/wp-content\/uploads\/2012\/10\/Fiche-m\u00e9thode-dissection_2016.pdf\">Fiche m\u00e9thode : la dissection animale \u00e0 l&rsquo;\u00e9preuve de TP du concours commun<\/a><\/p>\n\n\n\n<p><strong>-&gt; Des fiches m\u00e9thodes pour la g\u00e9ologie :<\/strong><\/p>\n\n\n\n<p><a href=\"http:\/\/bcpst-svt-parc.fr\/wordpress\/wp-content\/uploads\/2012\/10\/Fiche-m\u00e9thode_diagnose.pdf\">Fiche m\u00e9thode : la diagnose<\/a><\/p>\n\n\n\n<p><a href=\"http:\/\/bcpst-svt-parc.fr\/wordpress\/wp-content\/uploads\/2020\/01\/Fiche-m\u00e9thode-analyse-macro-R-magmatique.pdf\">Fiche m\u00e9thode : analyser macroscopiquement une roche magmatique<\/a><\/p>\n\n\n\n<div class=\"wp-block-file\"><a id=\"wp-block-file--media-7e6a7f45-ed7c-4e4e-bf80-963db5b9c29c\" href=\"http:\/\/bcpst-svt-parc.fr\/wordpress\/wp-content\/uploads\/2025\/03\/Fiche_methode_coupe-a-main-levee-1.pdf\">Fiche_m\u00e9thode_R\u00e9aliser une coupe \u00e0 main lev\u00e9e<\/a><\/div>\n\n\n\n<div class=\"wp-block-file\"><a id=\"wp-block-file--media-00d009e8-732c-475f-96ee-8645131e8a4a\" href=\"http:\/\/bcpst-svt-parc.fr\/wordpress\/wp-content\/uploads\/2025\/03\/Fiche_methode_schema-structural-1.pdf\">Fiche_m\u00e9thode_R\u00e9aliser un sch\u00e9ma structural<\/a><\/div>\n\n\n\n<div class=\"wp-block-file\"><a id=\"wp-block-file--media-56719e92-e04f-4227-9447-55576a8d496a\" href=\"https:\/\/bcpst-svt-parc.fr\/wordpress\/wp-content\/uploads\/2026\/04\/Fiche-methode-et-elements-de-description-des-deformations.pdf\">Fiche m\u00e9thode et \u00e9l\u00e9ments de description des d\u00e9formations<\/a><\/div>\n\n\n\n<p><strong>-&gt;Un r\u00e9capitulatif des techniques de biologie cellulai<\/strong>r<strong>e et mol\u00e9culaire<\/strong>:<\/p>\n\n\n\n<div class=\"wp-block-file\"><a id=\"wp-block-file--media-3683d979-9d8f-496d-9537-ceab0d3b1d11\" href=\"http:\/\/bcpst-svt-parc.fr\/wordpress\/wp-content\/uploads\/2024\/07\/Techniques-de-Biologie-cellulaire-et-moleculaire-complete-2024_Anne.pdf\">Techniques-de-Biologie-cellulaire-et-mol\u00e9culaire-compl\u00e9t\u00e9-2024<\/a><\/div>\n\n\n\n<p><\/p>\n","protected":false},"excerpt":{"rendered":"<p>-&gt; Pour prendre connaissance des modalit\u00e9s des \u00e9preuves au concours commun : DESCRIPTIFS DES \u00c9PREUVES \u00c9CRITES ET ORALES_Concours A 2023 -&gt; Les fiches m\u00e9thodes pour les deux types d&rsquo;\u00e9preuves \u00e9crites du concours commun : L&rsquo;\u00e9preuve \u00e9crite de synth\u00e8se L&rsquo;\u00e9preuve \u00e9crite &hellip; <a href=\"http:\/\/bcpst-svt-parc.fr\/wordpress\/?page_id=61\">Continuer la lecture <span class=\"meta-nav\">&rarr;<\/span><\/a><\/p>\n","protected":false},"author":1,"featured_media":0,"parent":0,"menu_order":0,"comment_status":"closed","ping_status":"closed","template":"","meta":{"footnotes":""},"class_list":["post-61","page","type-page","status-publish","hentry"],"_links":{"self":[{"href":"http:\/\/bcpst-svt-parc.fr\/wordpress\/index.php?rest_route=\/wp\/v2\/pages\/61","targetHints":{"allow":["GET"]}}],"collection":[{"href":"http:\/\/bcpst-svt-parc.fr\/wordpress\/index.php?rest_route=\/wp\/v2\/pages"}],"about":[{"href":"http:\/\/bcpst-svt-parc.fr\/wordpress\/index.php?rest_route=\/wp\/v2\/types\/page"}],"author":[{"embeddable":true,"href":"http:\/\/bcpst-svt-parc.fr\/wordpress\/index.php?rest_route=\/wp\/v2\/users\/1"}],"replies":[{"embeddable":true,"href":"http:\/\/bcpst-svt-parc.fr\/wordpress\/index.php?rest_route=%2Fwp%2Fv2%2Fcomments&post=61"}],"version-history":[{"count":46,"href":"http:\/\/bcpst-svt-parc.fr\/wordpress\/index.php?rest_route=\/wp\/v2\/pages\/61\/revisions"}],"predecessor-version":[{"id":6768,"href":"http:\/\/bcpst-svt-parc.fr\/wordpress\/index.php?rest_route=\/wp\/v2\/pages\/61\/revisions\/6768"}],"wp:attachment":[{"href":"http:\/\/bcpst-svt-parc.fr\/wordpress\/index.php?rest_route=%2Fwp%2Fv2%2Fmedia&parent=61"}],"curies":[{"name":"wp","href":"https:\/\/api.w.org\/{rel}","templated":true}]}}