{"id":6148,"date":"2024-10-16T19:42:55","date_gmt":"2024-10-16T18:42:55","guid":{"rendered":"http:\/\/bcpst-svt-parc.fr\/wordpress\/?page_id=6148"},"modified":"2025-03-10T21:59:53","modified_gmt":"2025-03-10T20:59:53","slug":"ds-2024-2025","status":"publish","type":"page","link":"http:\/\/bcpst-svt-parc.fr\/wordpress\/?page_id=6148","title":{"rendered":"DS 2024 &#8211; 2025"},"content":{"rendered":"\n<div class=\"wp-block-file\"><a id=\"wp-block-file--media-874ff71e-e228-4e85-aef7-81218d3db3c8\" href=\"http:\/\/bcpst-svt-parc.fr\/wordpress\/wp-content\/uploads\/2024\/10\/DS-1-2024-2025-complet.pdf\">DS 1 2024-2025 : \u00c9preuve de SVT sur support de documents <\/a><\/div>\n\n\n\n<div class=\"wp-block-file\"><a id=\"wp-block-file--media-54526447-2a7d-48cf-a5cf-8e7d76650bf8\" href=\"http:\/\/bcpst-svt-parc.fr\/wordpress\/wp-content\/uploads\/2024\/10\/Correction-DS1-950-Biologie-2024-2025-relu-Anne.pdf\">\u00c9l\u00e9ments de correction du DS 1 2024-2025_partie Biologie<\/a><\/div>\n\n\n\n<div class=\"wp-block-file\"><a id=\"wp-block-file--media-d1024ccc-6618-4dd8-b6cf-a4bfc5c4cb18\" href=\"http:\/\/bcpst-svt-parc.fr\/wordpress\/wp-content\/uploads\/2024\/10\/Elements-de-correction-du-DS-1-partie-geologie.pdf\">\u00c9l\u00e9ments de correction du DS 1 2024-2025_partie G\u00e9ologie<\/a><\/div>\n\n\n\n<div class=\"wp-block-file\"><a id=\"wp-block-file--media-8c1f4076-87d2-4496-8ff5-c7da9ba06fc6\" href=\"http:\/\/bcpst-svt-parc.fr\/wordpress\/wp-content\/uploads\/2024\/10\/DS-3-2024-2025-complet-Vfinale.pdf\">DS 2 2024-2025 : \u00c9preuve de synth\u00e8se + G\u00e9ologie sur support de documents<\/a><\/div>\n\n\n\n<div class=\"wp-block-file\"><a id=\"wp-block-file--media-328e810b-a2fb-4093-821d-fbe62429c645\" href=\"http:\/\/bcpst-svt-parc.fr\/wordpress\/wp-content\/uploads\/2024\/10\/DS-2-2024-2025-Corrige-synthese_final.pdf\">\u00c9l\u00e9ments de correction du DS 2 2024-2025_partie synth\u00e8se de Biologie<\/a><\/div>\n\n\n\n<div class=\"wp-block-file\"><a id=\"wp-block-file--media-79a9362b-d25a-4a6a-999b-97f5aec7badc\" href=\"http:\/\/bcpst-svt-parc.fr\/wordpress\/wp-content\/uploads\/2024\/11\/Correction-DS2-2024-Geologie-revue-Anne.pdf\">\u00c9l\u00e9ments de correction du DS2 2024-2025_partie G\u00e9ologie<\/a><\/div>\n\n\n\n<div class=\"wp-block-file\"><a id=\"wp-block-file--media-4f7f2852-4c64-4927-b1fb-994e32096b94\" href=\"http:\/\/bcpst-svt-parc.fr\/wordpress\/wp-content\/uploads\/2024\/11\/DS-3-2024-2025.pdf\">DS 3 2024 2025 : \u00c9preuve de synth\u00e8se<\/a><\/div>\n\n\n\n<div class=\"wp-block-file\"><a id=\"wp-block-file--media-61d43b06-5066-4931-8c14-2d3ea16b7cb9\" href=\"http:\/\/bcpst-svt-parc.fr\/wordpress\/wp-content\/uploads\/2024\/11\/DS-3-2024-2025-proposition-correction-V3.pdf\">\u00c9l\u00e9ments de correction du DS 3 2024 2025<\/a><\/div>\n\n\n\n<div class=\"wp-block-file\"><a id=\"wp-block-file--media-731b8a30-88a2-4ff1-ba3d-93813089806d\" href=\"http:\/\/bcpst-svt-parc.fr\/wordpress\/wp-content\/uploads\/2025\/02\/DS-4-2024-2025-Version-finale.pdf\">DS 4 2024 2025 : \u00c9preuve de SVT sur support de documents<\/a><\/div>\n\n\n\n<div class=\"wp-block-file\"><a id=\"wp-block-file--media-80355980-93c8-48be-9211-3fa4ae97c9e8\" href=\"http:\/\/bcpst-svt-parc.fr\/wordpress\/wp-content\/uploads\/2025\/02\/Correction-DS4-Geologie-2024-2025_vf.pdf\">\u00c9l\u00e9ments de correction du DS4 2024-2025 partie G\u00e9ologie<\/a><\/div>\n\n\n\n<div class=\"wp-block-file\"><a id=\"wp-block-file--media-0a2be308-ffe8-4b4f-9f0d-2e1b3bb4365d\" href=\"http:\/\/bcpst-svt-parc.fr\/wordpress\/wp-content\/uploads\/2025\/02\/Elements-de-correction-de-la-partie-Bio-DS-4-final.pdf\">\u00c9l\u00e9ments de correction du DS 4 2024-2025 partie Biologie<\/a><\/div>\n\n\n\n<div class=\"wp-block-file\"><a id=\"wp-block-file--media-dd4a8f31-fbd1-4fc1-b622-470ef0a38ce0\" href=\"http:\/\/bcpst-svt-parc.fr\/wordpress\/wp-content\/uploads\/2025\/02\/DS-5-2024-2025_sujet.pdf\">DS 5 2024 2025_: \u00c9preuve de synth\u00e8se<\/a><\/div>\n\n\n\n<div class=\"wp-block-file\"><a id=\"wp-block-file--media-c593b46b-1c26-4bfc-9f7c-392a6a014d21\" href=\"http:\/\/bcpst-svt-parc.fr\/wordpress\/wp-content\/uploads\/2025\/02\/DS-5-2024-2025_Correction-V2.pdf\">\u00c9l\u00e9ments de correction du DS 5 2024 2025<\/a><\/div>\n\n\n\n<div class=\"wp-block-file\"><a id=\"wp-block-file--media-300808ad-110c-4bfb-951c-e6a80eafd7a6\" href=\"http:\/\/bcpst-svt-parc.fr\/wordpress\/wp-content\/uploads\/2025\/03\/DS6-2024-25-Complet-Vfinale.doc\">DS6 2024-2025 : \u00c9preuve sur support de documents<\/a><\/div>\n\n\n\n<div class=\"wp-block-file\"><a id=\"wp-block-file--media-3b326af9-74de-4aa5-900b-a5927344a2bd\" href=\"http:\/\/bcpst-svt-parc.fr\/wordpress\/wp-content\/uploads\/2025\/03\/DS-6-2024-25-Corrige-complet.pdf\">\u00c9l\u00e9ments de correction du DS 6 2024-2025<\/a><\/div>\n","protected":false},"excerpt":{"rendered":"","protected":false},"author":1,"featured_media":4629,"parent":350,"menu_order":0,"comment_status":"closed","ping_status":"closed","template":"","meta":{"footnotes":""},"class_list":["post-6148","page","type-page","status-publish","has-post-thumbnail","hentry"],"_links":{"self":[{"href":"http:\/\/bcpst-svt-parc.fr\/wordpress\/index.php?rest_route=\/wp\/v2\/pages\/6148","targetHints":{"allow":["GET"]}}],"collection":[{"href":"http:\/\/bcpst-svt-parc.fr\/wordpress\/index.php?rest_route=\/wp\/v2\/pages"}],"about":[{"href":"http:\/\/bcpst-svt-parc.fr\/wordpress\/index.php?rest_route=\/wp\/v2\/types\/page"}],"author":[{"embeddable":true,"href":"http:\/\/bcpst-svt-parc.fr\/wordpress\/index.php?rest_route=\/wp\/v2\/users\/1"}],"replies":[{"embeddable":true,"href":"http:\/\/bcpst-svt-parc.fr\/wordpress\/index.php?rest_route=%2Fwp%2Fv2%2Fcomments&post=6148"}],"version-history":[{"count":16,"href":"http:\/\/bcpst-svt-parc.fr\/wordpress\/index.php?rest_route=\/wp\/v2\/pages\/6148\/revisions"}],"predecessor-version":[{"id":6327,"href":"http:\/\/bcpst-svt-parc.fr\/wordpress\/index.php?rest_route=\/wp\/v2\/pages\/6148\/revisions\/6327"}],"up":[{"embeddable":true,"href":"http:\/\/bcpst-svt-parc.fr\/wordpress\/index.php?rest_route=\/wp\/v2\/pages\/350"}],"wp:featuredmedia":[{"embeddable":true,"href":"http:\/\/bcpst-svt-parc.fr\/wordpress\/index.php?rest_route=\/wp\/v2\/media\/4629"}],"wp:attachment":[{"href":"http:\/\/bcpst-svt-parc.fr\/wordpress\/index.php?rest_route=%2Fwp%2Fv2%2Fmedia&parent=6148"}],"curies":[{"name":"wp","href":"https:\/\/api.w.org\/{rel}","templated":true}]}}