{"id":6343,"date":"2025-03-28T09:48:50","date_gmt":"2025-03-28T08:48:50","guid":{"rendered":"http:\/\/bcpst-svt-parc.fr\/wordpress\/?page_id=6343"},"modified":"2026-03-27T22:11:22","modified_gmt":"2026-03-27T21:11:22","slug":"revisions-ecrit-2025","status":"publish","type":"page","link":"http:\/\/bcpst-svt-parc.fr\/wordpress\/?page_id=6343","title":{"rendered":"z R\u00e9visions \u00e9crit 2026"},"content":{"rendered":"\n<div class=\"wp-block-file\"><a id=\"wp-block-file--media-615e9baa-1cd4-4858-baee-e270f910510b\" href=\"http:\/\/bcpst-svt-parc.fr\/wordpress\/wp-content\/uploads\/2026\/03\/Proposition-planning-de-revisions-2026_pour-eleves.pdf\">Proposition planning de r\u00e9visions 2026<\/a><\/div>\n\n\n\n<p>_______________________________________________________________<\/p>\n\n\n\n<p class=\"has-text-color has-link-color wp-elements-422b501c3d6c95cac09481f09616503f\" style=\"color:#eb15cbf2\"><strong><mark style=\"background-color:rgba(0, 0, 0, 0);color:#e733d3\" class=\"has-inline-color\">Quelques fiches m\u00e9thodologiques \u00e0 relire avant les \u00e9preuves \u00e9crites :<\/mark><\/strong><\/p>\n\n\n\n<div class=\"wp-block-file\"><a id=\"wp-block-file--media-283b8422-1a52-4d30-989c-95bfe61e62cb\" href=\"http:\/\/bcpst-svt-parc.fr\/wordpress\/wp-content\/uploads\/2025\/03\/Fiche-methode_epreuve-de-synthese.pdf\">Fiche m\u00e9thode_\u00e9preuve de synth\u00e8se<\/a><\/div>\n\n\n\n<div class=\"wp-block-file\"><a id=\"wp-block-file--media-45f934b2-38c3-4ec4-8381-a4feb698bfbe\" href=\"http:\/\/bcpst-svt-parc.fr\/wordpress\/wp-content\/uploads\/2025\/03\/Fiche-methode-analyse-macro-R-magmatique.pdf\">Fiche m\u00e9thode Analyse macroscopique des roches magmatiques<\/a><\/div>\n\n\n\n<div class=\"wp-block-file\"><a id=\"wp-block-file--media-0629e412-63fb-4250-950a-3d13a9522293\" href=\"http:\/\/bcpst-svt-parc.fr\/wordpress\/wp-content\/uploads\/2025\/03\/Fiche-methodologiqueAnalyser-et-reconnaitre-une-roche-sedimentaire.pdf\">Fiche m\u00e9thode_Analyser et reconna\u00eetre une roche s\u00e9dimentaire<\/a><\/div>\n\n\n\n<div class=\"wp-block-file\"><a id=\"wp-block-file--media-518a270a-704a-499e-b880-0274b9e67360\" href=\"http:\/\/bcpst-svt-parc.fr\/wordpress\/wp-content\/uploads\/2025\/03\/Fiche-methode-et-elements-de-description-des-deformations.pdf\">Fiche m\u00e9thode et \u00e9l\u00e9ments de description des d\u00e9formations<\/a><\/div>\n\n\n\n<div class=\"wp-block-file\"><a id=\"wp-block-file--media-1444034c-3a88-498b-8c61-f63907e57bb4\" href=\"http:\/\/bcpst-svt-parc.fr\/wordpress\/wp-content\/uploads\/2025\/03\/Fiche_methode_coupe-a-main-levee.pdf\">Fiche_m\u00e9thode_R\u00e9aliser une coupe \u00e0 main lev\u00e9e<\/a><\/div>\n\n\n\n<div class=\"wp-block-file\"><a id=\"wp-block-file--media-f57b04a6-c0bc-46ab-ab65-49138da7efda\" href=\"http:\/\/bcpst-svt-parc.fr\/wordpress\/wp-content\/uploads\/2025\/03\/Fiche_methode_schema-structural.pdf\">Fiche_m\u00e9thode_R\u00e9aliser un sch\u00e9ma structural<\/a><\/div>\n\n\n\n<p>________________________________________________________________<\/p>\n\n\n\n<p><strong><mark style=\"background-color:rgba(0, 0, 0, 0);color:#e733d3\" class=\"has-inline-color\">Quelques rappels utiles avant les \u00e9preuves \u00e9crites :<\/mark><\/strong><\/p>\n\n\n\n<div data-wp-interactive=\"core\/file\" class=\"wp-block-file\"><object data-wp-bind--hidden=\"!state.hasPdfPreview\" hidden class=\"wp-block-file__embed\" data=\"http:\/\/bcpst-svt-parc.fr\/wordpress\/wp-content\/uploads\/2025\/03\/Les-roches-et-fossiles-a-savoir-identifier.pdf\" type=\"application\/pdf\" style=\"width:100%;height:470px\" aria-label=\"Contenu embarqu\u00e9 Les roches min\u00e9raux et fossiles \u00e0 savoir identifier.\"><\/object><a id=\"wp-block-file--media-f62b0ee7-a865-4f4d-ae85-95c4aa8ff4f6\" href=\"http:\/\/bcpst-svt-parc.fr\/wordpress\/wp-content\/uploads\/2025\/03\/Les-roches-et-fossiles-a-savoir-identifier.pdf\">Les roches min\u00e9raux et fossiles \u00e0 savoir identifier<\/a><\/div>\n\n\n\n<div class=\"wp-block-file\"><a id=\"wp-block-file--media-973db54e-697f-47fc-ac78-cbe7a50e6d5c\" href=\"http:\/\/bcpst-svt-parc.fr\/wordpress\/wp-content\/uploads\/2025\/03\/Echelle-temps-geologiques_lessentiel-a-connaitre.pdf\"><strong>\u00c9chelle des<\/strong> <strong>temps g\u00e9ologiques_l&rsquo;essentiel \u00e0 conna\u00eetre<\/strong><\/a><\/div>\n\n\n\n<div class=\"wp-block-file\"><a id=\"wp-block-file--media-33ba4fe2-60d0-4f91-9344-784d2c6c8c11\" href=\"http:\/\/bcpst-svt-parc.fr\/wordpress\/wp-content\/uploads\/2025\/03\/Methodes-de-geophysique.pdf\">Les principales m\u00e9thodes de g\u00e9ophysique<\/a><\/div>\n\n\n\n<div class=\"wp-block-file\"><a id=\"wp-block-file--media-85bd1155-efeb-4b70-910b-08ee40aa5d98\" href=\"http:\/\/bcpst-svt-parc.fr\/wordpress\/wp-content\/uploads\/2025\/03\/Techniques-de-Biologie-cellulaire-et-moleculaire-complete-2024_Anne.pdf\">Les techniques de Biologie cellulaire et mol\u00e9culaire<\/a><\/div>\n\n\n\n<p>________________________________________________________________<\/p>\n\n\n\n<p><strong>Une vid\u00e9o tr\u00e8s bien faite de notre coll\u00e8gue Roland DOUCHET, prof en BCPST \u00e0 Angers :<\/strong><\/p>\n\n\n<p><iframe loading=\"lazy\" width=\"959\" height=\"549\" src=\"https:\/\/www.youtube.com\/embed\/ALKEXZl4RuY\" title=\"EXERCICES de G\u00e9ologie faisant intervenir du GPS ou de l&#39;interf\u00e9rom\u00e9trie radar\" frameborder=\"0\" allow=\"accelerometer; autoplay; clipboard-write; encrypted-media; gyroscope; picture-in-picture; web-share\" referrerpolicy=\"strict-origin-when-cross-origin\" allowfullscreen><\/iframe><\/p>\n\n\n\n<p><br><a href=\"https:\/\/planet-terre.ens-lyon.fr\/ressource\/interferometrie-radar.xml\">Interf\u00e9rom\u00e9trie radar&nbsp;: principes et utilisation dans la surveillance de la d\u00e9formation du sol (site Planet-Terre)<\/a><\/p>\n\n\n\n<figure class=\"wp-block-image size-large\"><a href=\"https:\/\/bcpst-svt-parc.fr\/wordpress\/wp-content\/uploads\/2025\/10\/interferometrie-radar-08.jpg\"><img loading=\"lazy\" decoding=\"async\" width=\"1024\" height=\"448\" src=\"https:\/\/bcpst-svt-parc.fr\/wordpress\/wp-content\/uploads\/2025\/10\/interferometrie-radar-08-1024x448.jpg\" alt=\"\" class=\"wp-image-6576\" srcset=\"http:\/\/bcpst-svt-parc.fr\/wordpress\/wp-content\/uploads\/2025\/10\/interferometrie-radar-08-1024x448.jpg 1024w, http:\/\/bcpst-svt-parc.fr\/wordpress\/wp-content\/uploads\/2025\/10\/interferometrie-radar-08-300x131.jpg 300w, http:\/\/bcpst-svt-parc.fr\/wordpress\/wp-content\/uploads\/2025\/10\/interferometrie-radar-08-768x336.jpg 768w, http:\/\/bcpst-svt-parc.fr\/wordpress\/wp-content\/uploads\/2025\/10\/interferometrie-radar-08.jpg 1249w\" sizes=\"auto, (max-width: 1024px) 100vw, 1024px\" \/><\/a><\/figure>\n","protected":false},"excerpt":{"rendered":"<p>_______________________________________________________________ Quelques fiches m\u00e9thodologiques \u00e0 relire avant les \u00e9preuves \u00e9crites : ________________________________________________________________ Quelques rappels utiles avant les \u00e9preuves \u00e9crites : ________________________________________________________________ Une vid\u00e9o tr\u00e8s bien faite de notre coll\u00e8gue Roland DOUCHET, prof en BCPST \u00e0 Angers : Interf\u00e9rom\u00e9trie radar&nbsp;: principes &hellip; <a href=\"http:\/\/bcpst-svt-parc.fr\/wordpress\/?page_id=6343\">Continuer la lecture <span class=\"meta-nav\">&rarr;<\/span><\/a><\/p>\n","protected":false},"author":1,"featured_media":5824,"parent":0,"menu_order":0,"comment_status":"closed","ping_status":"closed","template":"","meta":{"footnotes":""},"class_list":["post-6343","page","type-page","status-publish","has-post-thumbnail","hentry"],"_links":{"self":[{"href":"http:\/\/bcpst-svt-parc.fr\/wordpress\/index.php?rest_route=\/wp\/v2\/pages\/6343","targetHints":{"allow":["GET"]}}],"collection":[{"href":"http:\/\/bcpst-svt-parc.fr\/wordpress\/index.php?rest_route=\/wp\/v2\/pages"}],"about":[{"href":"http:\/\/bcpst-svt-parc.fr\/wordpress\/index.php?rest_route=\/wp\/v2\/types\/page"}],"author":[{"embeddable":true,"href":"http:\/\/bcpst-svt-parc.fr\/wordpress\/index.php?rest_route=\/wp\/v2\/users\/1"}],"replies":[{"embeddable":true,"href":"http:\/\/bcpst-svt-parc.fr\/wordpress\/index.php?rest_route=%2Fwp%2Fv2%2Fcomments&post=6343"}],"version-history":[{"count":20,"href":"http:\/\/bcpst-svt-parc.fr\/wordpress\/index.php?rest_route=\/wp\/v2\/pages\/6343\/revisions"}],"predecessor-version":[{"id":6729,"href":"http:\/\/bcpst-svt-parc.fr\/wordpress\/index.php?rest_route=\/wp\/v2\/pages\/6343\/revisions\/6729"}],"wp:featuredmedia":[{"embeddable":true,"href":"http:\/\/bcpst-svt-parc.fr\/wordpress\/index.php?rest_route=\/wp\/v2\/media\/5824"}],"wp:attachment":[{"href":"http:\/\/bcpst-svt-parc.fr\/wordpress\/index.php?rest_route=%2Fwp%2Fv2%2Fmedia&parent=6343"}],"curies":[{"name":"wp","href":"https:\/\/api.w.org\/{rel}","templated":true}]}}