{"id":6524,"date":"2025-09-13T15:04:57","date_gmt":"2025-09-13T14:04:57","guid":{"rendered":"https:\/\/bcpst-svt-parc.fr\/wordpress\/?page_id=6524"},"modified":"2026-03-29T21:58:34","modified_gmt":"2026-03-29T20:58:34","slug":"ds-2025-2026","status":"publish","type":"page","link":"http:\/\/bcpst-svt-parc.fr\/wordpress\/?page_id=6524","title":{"rendered":"DS 2025 &#8211; 2026"},"content":{"rendered":"\n<div class=\"wp-block-file\"><a id=\"wp-block-file--media-830e2aed-a05d-4c3f-937d-1d9ccb266c34\" href=\"https:\/\/bcpst-svt-parc.fr\/wordpress\/wp-content\/uploads\/2025\/09\/DS-1-2025-2026-complet-Vf.pdf\">DS 1 2025 2026 : \u00c9preuve sur support de documents Limagne &#8211; coupe Sainte-Croix &#8211; Bois mort &#8211; \u00c9cosyst\u00e8me prairial<\/a><\/div>\n\n\n\n<div class=\"wp-block-file\"><a id=\"wp-block-file--media-455d4dd4-6cdd-4b54-a254-5630bb22c2c7\" href=\"https:\/\/bcpst-svt-parc.fr\/wordpress\/wp-content\/uploads\/2025\/10\/Correction-complete-DS-1-2025-2026_Anne.pdf\">DS 1 2025 2026_\u00c9l\u00e9ments de correction<\/a><\/div>\n\n\n\n<div class=\"wp-block-file\"><a id=\"wp-block-file--media-b928b1b0-0713-4ab7-a1dc-d345d1addc26\" href=\"https:\/\/bcpst-svt-parc.fr\/wordpress\/wp-content\/uploads\/2025\/10\/DS-2-2025-2026-Complet-V3.pdf\">DS 2 2025 2026 : \u00c9preuve sur support de documents Iran &#8211; Qq aspects du fonctionnement des feuilles <\/a><\/div>\n\n\n\n<div class=\"wp-block-file\"><a id=\"wp-block-file--media-97ef83ef-ca6b-4b25-8c36-5ef7b59f36b3\" href=\"https:\/\/bcpst-svt-parc.fr\/wordpress\/wp-content\/uploads\/2026\/03\/Correction-DS-2-2025-2026-Geologie_Anne.pdf\">DS 2 2025-2026 \u00c9l\u00e9ments de correction partie G\u00e9ologie<\/a><\/div>\n\n\n\n<div class=\"wp-block-file\"><a id=\"wp-block-file--media-562b2710-72bc-43d0-bf81-16f6ed8c79fa\" href=\"https:\/\/bcpst-svt-parc.fr\/wordpress\/wp-content\/uploads\/2026\/03\/Correction-DS-2-2025-2026-Biologie_revue-Anne.pdf\">DS 2 2025-2026 \u00c9l\u00e9ments de correction partie Biologie<\/a><\/div>\n\n\n\n<div class=\"wp-block-file\"><a id=\"wp-block-file--media-148483a0-535e-4e3a-896c-cb56d3df62ee\" href=\"https:\/\/bcpst-svt-parc.fr\/wordpress\/wp-content\/uploads\/2026\/03\/DS-3-2025-2026-corrige-Anne.pdf\">DS 3 2025 2026 \u00c9preuve de synth\u00e8se Les \u00eatres vivants et les saisons_\u00c9l\u00e9ments de correction<\/a><\/div>\n\n\n\n<div class=\"wp-block-file\"><a id=\"wp-block-file--media-339bb5d9-ee86-4f22-9f94-8b960ab2ee4b\" href=\"https:\/\/bcpst-svt-parc.fr\/wordpress\/wp-content\/uploads\/2026\/03\/DS4-2025-2026-complet.pdf\">DS4 2025 2026 : \u00c9preuve de synth\u00e8se Cytosquelette + sur support de documents \u00eele de Groix<\/a><\/div>\n\n\n\n<div class=\"wp-block-file\"><a id=\"wp-block-file--media-ea8129b7-95e2-4777-b9fa-30838e1bad88\" href=\"https:\/\/bcpst-svt-parc.fr\/wordpress\/wp-content\/uploads\/2026\/03\/DS-4-elements-de-correction-geologie-revus-Anne.pdf\">DS 4 2025-2026_\u00c9l\u00e9ments de correction g\u00e9ologie<\/a><\/div>\n\n\n\n<div class=\"wp-block-file\"><a id=\"wp-block-file--media-e27ba9c0-0044-451f-b1d6-d2234141cca7\" href=\"https:\/\/bcpst-svt-parc.fr\/wordpress\/wp-content\/uploads\/2026\/03\/DS-4-2025-2026-Elements-de-correction-synthese.pdf\">DS 4 2025 2026 \u00c9l\u00e9ments de correction synth\u00e8se<\/a><\/div>\n\n\n\n<div class=\"wp-block-file\"><a id=\"wp-block-file--media-db39592f-d8b8-40f4-a100-875a64951dc2\" href=\"https:\/\/bcpst-svt-parc.fr\/wordpress\/wp-content\/uploads\/2026\/03\/DS-5-2025-2026_sujet.pdf\">DS 5 2025 2026 : \u00c9preuve de synth\u00e8se Importance des microorganismes<\/a><\/div>\n\n\n\n<div class=\"wp-block-file\"><a id=\"wp-block-file--media-7fd02d7f-9feb-4b46-be5e-cd26708b6a54\" href=\"https:\/\/bcpst-svt-parc.fr\/wordpress\/wp-content\/uploads\/2026\/03\/Correction-DS-5-2025-2026-Vdef.pdf\">DS 5 2025-2026 \u00c9l\u00e9ments de correction<\/a><\/div>\n\n\n\n<div class=\"wp-block-file\"><a id=\"wp-block-file--media-cb44dbb4-8ca3-4168-9d72-dc4a1eb55ce0\" href=\"https:\/\/bcpst-svt-parc.fr\/wordpress\/wp-content\/uploads\/2026\/03\/DS6-2025-2026_complet.pdf\">DS6 2025 2026 : \u00c9preuve sur support de documents Cha\u00eenes de montagnes et physiologie des T\u00e9l\u00e9ost\u00e9ens<\/a><\/div>\n\n\n\n<div class=\"wp-block-file\"><a id=\"wp-block-file--media-a9edb02b-ba06-4fee-a766-9d3e4bd27215\" href=\"https:\/\/bcpst-svt-parc.fr\/wordpress\/wp-content\/uploads\/2026\/03\/DS-6-corrige-partie-geol_Anne.pdf\">DS 6 2025-2026 \u00c9l\u00e9ments de correction partie G\u00e9ologie<\/a><\/div>\n\n\n\n<div class=\"wp-block-file\"><a id=\"wp-block-file--media-0b7ba3d6-efb5-4c37-9916-11fc820b0a84\" href=\"https:\/\/bcpst-svt-parc.fr\/wordpress\/wp-content\/uploads\/2026\/03\/DS-6-2025-2026_corrige-partie-Bio.pdf\">DS 6 2025 2026_\u00c9l\u00e9ments de correction partie Bio<\/a><\/div>\n","protected":false},"excerpt":{"rendered":"","protected":false},"author":1,"featured_media":0,"parent":350,"menu_order":0,"comment_status":"closed","ping_status":"closed","template":"","meta":{"footnotes":""},"class_list":["post-6524","page","type-page","status-publish","hentry"],"_links":{"self":[{"href":"http:\/\/bcpst-svt-parc.fr\/wordpress\/index.php?rest_route=\/wp\/v2\/pages\/6524","targetHints":{"allow":["GET"]}}],"collection":[{"href":"http:\/\/bcpst-svt-parc.fr\/wordpress\/index.php?rest_route=\/wp\/v2\/pages"}],"about":[{"href":"http:\/\/bcpst-svt-parc.fr\/wordpress\/index.php?rest_route=\/wp\/v2\/types\/page"}],"author":[{"embeddable":true,"href":"http:\/\/bcpst-svt-parc.fr\/wordpress\/index.php?rest_route=\/wp\/v2\/users\/1"}],"replies":[{"embeddable":true,"href":"http:\/\/bcpst-svt-parc.fr\/wordpress\/index.php?rest_route=%2Fwp%2Fv2%2Fcomments&post=6524"}],"version-history":[{"count":10,"href":"http:\/\/bcpst-svt-parc.fr\/wordpress\/index.php?rest_route=\/wp\/v2\/pages\/6524\/revisions"}],"predecessor-version":[{"id":6758,"href":"http:\/\/bcpst-svt-parc.fr\/wordpress\/index.php?rest_route=\/wp\/v2\/pages\/6524\/revisions\/6758"}],"up":[{"embeddable":true,"href":"http:\/\/bcpst-svt-parc.fr\/wordpress\/index.php?rest_route=\/wp\/v2\/pages\/350"}],"wp:attachment":[{"href":"http:\/\/bcpst-svt-parc.fr\/wordpress\/index.php?rest_route=%2Fwp%2Fv2%2Fmedia&parent=6524"}],"curies":[{"name":"wp","href":"https:\/\/api.w.org\/{rel}","templated":true}]}}